{"id":258,"date":"2015-04-23T18:27:34","date_gmt":"2015-04-23T16:27:34","guid":{"rendered":"http:\/\/www.hagelkreuzschule.de\/?page_id=258"},"modified":"2016-11-24T12:53:36","modified_gmt":"2016-11-24T11:53:36","slug":"die-schule","status":"publish","type":"page","link":"http:\/\/web4966.greatnet-hosting.de\/hks\/die-schule\/","title":{"rendered":"Die Schule"},"content":{"rendered":"<p>Diese Seite ist sozusagen die Keimzelle unserer Internetseiten.<br \/>\n1999 hat ein 3. Schuljahr in Vorbereitung der Einweihungsfeier des 2. Anbaus Bilder und Texte gesammelt, die in einer verlinkten Word-Dokumentation den Werdegang der Schule darstellen. Aus dieser Word-Datei ist 2003 die erste Internetseite entwickelt worden.<br \/>\n<figure id=\"attachment_4942\" aria-describedby=\"caption-attachment-4942\" style=\"width: 274px\" class=\"wp-caption alignright\"><img loading=\"lazy\" src=\"http:\/\/web4966.greatnet-hosting.de\/hks\/wp-content\/uploads\/2015\/04\/15_04_Image34.jpg\" alt=\"Das Kollegium 1990\" width=\"274\" height=\"310\" class=\"size-full wp-image-4942\" srcset=\"http:\/\/web4966.greatnet-hosting.de\/hks\/wp-content\/uploads\/2015\/04\/15_04_Image34.jpg 274w, http:\/\/web4966.greatnet-hosting.de\/hks\/wp-content\/uploads\/2015\/04\/15_04_Image34-265x300.jpg 265w\" sizes=\"(max-width: 274px) 100vw, 274px\" \/><figcaption id=\"caption-attachment-4942\" class=\"wp-caption-text\">Das Kollegium 1990<\/figcaption><\/figure>Die Hagelkreuzschule hat seit 1990 eine rasante Entwicklung mitgemacht. Durch den Zuzug von jungen Familien und damit jungen schulpflichtigen Kindern in die neuen Baugebiete wurde es notwendig, jedes Jahr aufs Neue eine weitere Klasse einzurichten.<\/p>\n<p>1990 waren es noch 4 Klassen, n\u00e4mlich je eine Erste, Zweite, Dritte und Vierte mit insgesamt 99 Sch\u00fclern und 4 Lehrern bzw. Lehrerinnen. <small>(im Foto sitzend: Frau Int-Veen und Frau van der Post, stehend: Frau Klewes und Herr Munkes)<\/small> Im Jahr 2005 waren es 12 Klassen mit ca. 300 Sch\u00fclern und 13 Lehrern bzw. Lehrerinnen. Zur Zeit stabilisieren wir uns mit einer soliden 2-Z\u00fcgigkeit.<\/p>\n<h3>Eine Chronologie<\/h3>\n<table>\n<tbody>\n<tr>\n<td width=\"80px\"><b>1990<\/b><\/td>\n<td>wurde Johannes Munkes Schulleiter.<br \/>\nDie Schule hatte 3 weitere Lehrkr\u00e4fte n\u00e4mlich Frau van der Post, Frau Int-Veen und Frau Klewes.<\/td>\n<\/tr>\n<tr>\n<td><b>1992<\/b><\/td>\n<td>wurden die vier Klassenr\u00e4ume im Altbau von Mitgliedern des F\u00f6rdervereins renoviert.<\/td>\n<\/tr>\n<tr>\n<td><b>1994<\/b><\/td>\n<td>zog Frau West mit ihrer Klasse ins Feuerwehrger\u00e4tehaus, denn <strong>in der Schule war kein Platz<\/strong> mehr f\u00fcr die Klasse 4b.<\/td>\n<\/tr>\n<tr>\n<td><b>1996<\/b><\/td>\n<td>wurde der notwendig gewordene <strong>Anbau fertig<\/strong>. Die Schule gewann damit 4 Klassenr\u00e4ume, die komplette Verwaltung und einen Kunstraum dazu. Im Juni 1996 wurde die &#8222;Katholische Grundschule L\u00fcttingen&#8220; im Zuge der Einweihungsfeier auf den <strong>Namen <span style=\"color: #ff441a;\">HAGELKREUZ<\/span>SCHULE <\/strong> getauft. Anschlie\u00dfend wurde der Schriftzug an die Hauswand montiert.<br \/>\nIn diesem Jahr startete die Hagelkreuzschule auch die <strong>Betreuungsma\u00dfnahme &#8222;acht bis eins&#8220;<\/strong>.<\/td>\n<\/tr>\n<tr>\n<td><b>1998<\/b><\/td>\n<td>ist Frau Steffans mit ihrer Klasse 4a <strong>wegen Platzmangel ins Feuerwehrger\u00e4tehaus<\/strong> gegangen.<\/td>\n<\/tr>\n<tr>\n<td><b>2000<\/b><\/td>\n<td>Der <strong>zweite Erweiterungsbau<\/strong> wurde fertiggestellt. Daf\u00fcr hatten die alten Toiletten und die bunte Pausenhalle weichen m\u00fcssen. Die Erweiterung umfasste 5 gro\u00dfe Klassenr\u00e4ume, das Forum mit der B\u00fchne und nagelneue Toiletten.<br \/>\nIn diesem Jahr 2000 schlo\u00df sich die <b><span style=\"color: #ff441a;\">HAGELKREUZ<\/span>SCHULE<\/b> dem Netzwerk &#8222;Offenes Partizipationsnetz und Gesundheit&#8220; <strong>(OPUS)<\/strong> an, um die Gesundheitsbestrebungen im Austausch mit anderen Schulen zu bewerkstelligen.<\/td>\n<\/tr>\n<tr>\n<td><b>2007<\/b><\/td>\n<td>Mit dem Schuljahr 2007\/08 wird an unserer Schule die <b>offene Ganztagsschule &#8211; OGTS<\/b> eingef\u00fchrt. Damit begann Frau Litjens als Leiterin der Ma\u00dfnahme ihre Arbeit. Ihr zur Seite stehen Frau van Bebber als Praktikantin und Frau Maas.<\/td>\n<\/tr>\n<tr>\n<td><b>2009<\/b><\/td>\n<td>bewirbt sich die Schule um den Schulentwicklungspreis der Unfallkasse Nordrhein-Westfalen. Tats\u00e4chlich wird die <b><span style=\"color: #ff441a;\">HAGELKREUZ<\/span>SCHULE<\/b> mit der Bennenung: <strong>&#8222;Gute gesunde Schule&#8220;<\/strong> ausgezeichnet.<\/td>\n<\/tr>\n<tr>\n<td><b>2011<\/b><\/td>\n<td>f\u00e4hrt die gesamte Schulgemeinschaft f\u00fcr eine Woche auf die Insel &#8222;Ameland&#8220;. Keine Klassenfahrt, sondern eine Schulfahrt wird zum unvergesslichen Erlebnis f\u00fcr \u00fcber 200 Sch\u00fcler und Sch\u00fclerinnen.<\/td>\n<\/tr>\n<tr>\n<td><b>2012<\/b><\/td>\n<td>feiert die Schule ihr <strong>50-j\u00e4hriges Bestehen<\/strong> mit einem gro\u00dfen Schulfest. Im Rahmen des Festes erh\u00e4lt die <b><span style=\"color: #ff441a;\">HAGELKREUZ<\/span>SCHULE<\/b> die <strong>Zertifizierung zur Kneippschule.<\/strong><\/td>\n<\/tr>\n<tr>\n<td><b>2015<\/b><\/td>\n<td>werden die Sch\u00fclerinnen und Sch\u00fcler sowie das Kollegium der Birtener Grundschule in die  L\u00fcttinger Grundschule integriert<\/td>\n<\/tr>\n<\/tbody>\n<\/table>\n","protected":false},"excerpt":{"rendered":"<p>Diese Seite ist sozusagen die Keimzelle unserer Internetseiten. 1999 hat ein 3. Schuljahr in Vorbereitung der Einweihungsfeier des 2. Anbaus Bilder und Texte gesammelt, die in einer verlinkten Word-Dokumentation den Werdegang der Schule darstellen. Aus dieser Word-Datei ist 2003 die erste Internetseite entwickelt worden. Die Hagelkreuzschule hat seit 1990 eine rasante Entwicklung mitgemacht. Durch den &hellip; <a href=\"http:\/\/web4966.greatnet-hosting.de\/hks\/die-schule\/\" class=\"more-link\"><span class=\"screen-reader-text\">Die Schule<\/span> weiterlesen <span class=\"meta-nav\">&rarr;<\/span><\/a><\/p>\n","protected":false},"author":1,"featured_media":0,"parent":0,"menu_order":0,"comment_status":"closed","ping_status":"closed","template":"","meta":[],"_links":{"self":[{"href":"http:\/\/web4966.greatnet-hosting.de\/hks\/wp-json\/wp\/v2\/pages\/258"}],"collection":[{"href":"http:\/\/web4966.greatnet-hosting.de\/hks\/wp-json\/wp\/v2\/pages"}],"about":[{"href":"http:\/\/web4966.greatnet-hosting.de\/hks\/wp-json\/wp\/v2\/types\/page"}],"author":[{"embeddable":true,"href":"http:\/\/web4966.greatnet-hosting.de\/hks\/wp-json\/wp\/v2\/users\/1"}],"replies":[{"embeddable":true,"href":"http:\/\/web4966.greatnet-hosting.de\/hks\/wp-json\/wp\/v2\/comments?post=258"}],"version-history":[{"count":7,"href":"http:\/\/web4966.greatnet-hosting.de\/hks\/wp-json\/wp\/v2\/pages\/258\/revisions"}],"predecessor-version":[{"id":4949,"href":"http:\/\/web4966.greatnet-hosting.de\/hks\/wp-json\/wp\/v2\/pages\/258\/revisions\/4949"}],"wp:attachment":[{"href":"http:\/\/web4966.greatnet-hosting.de\/hks\/wp-json\/wp\/v2\/media?parent=258"}],"curies":[{"name":"wp","href":"https:\/\/api.w.org\/{rel}","templated":true}]}}