{"id":29,"date":"2015-04-16T12:17:22","date_gmt":"2015-04-16T10:17:22","guid":{"rendered":"http:\/\/www.hagelkreuzschule.de\/?page_id=29"},"modified":"2023-08-06T14:01:56","modified_gmt":"2023-08-06T12:01:56","slug":"impressum","status":"publish","type":"page","link":"http:\/\/web4966.greatnet-hosting.de\/hks\/impressum\/","title":{"rendered":"Impressum"},"content":{"rendered":"<p>&nbsp;<\/p>\n<table>\n<tbody>\n<tr>\n<td colspan=\"2\"><strong><span style=\"font-size: 24px; font-family: Comic Sans MS;\"><span style=\"color: #ff3300;\">HAGELKREUZ<\/span>SCHULE<\/span><br \/>\nkatholische Grundschule L\u00fcttingen<\/strong><br \/>\nPantaleonstra\u00dfe 13, 46509 Xanten<\/td>\n<\/tr>\n<tr>\n<td><strong>Schulleitung:<\/strong><br \/>\nDaniela Hommen, Schulleiterin<br \/>\nPantaleonstra\u00dfe 13<br \/>\n46509 Xanten<br \/>\nTelefon: 02801-2107<br \/>\nTelefax: 02801-6635<br \/>\nE-Mail: <b>sekretariat@hagelkreuz-schule.de<\/b><\/td>\n<td><strong>Schultr\u00e4ger:<\/strong><br \/>\nDer B\u00fcrgermeister der Stadt Xanten<br \/>\nKarthaus 2<br \/>\n46509 Xanten<br \/>\nTelefon: 02801-772-0<br \/>\nTelefax: 02801-772-209<br \/>\nE-Mail: post@rathaus-xanten.de<\/td>\n<\/tr>\n<tr>\n<td colspan=\"2\"><strong><span style=\"color: #ff3300;\">Haftungshinweis: \u00a0 Wir sind nicht f\u00fcr die Inhalte fremder Seiten verantwortlich, die \u00fcber einen Link erreicht werden.<\/span><\/strong><br \/>\nWir pr\u00fcfen und aktualisieren alle Informationen unserer Internetseiten st\u00e4ndig. Trotz sorgf\u00e4ltiger inhaltlicher Kontrolle \u00fcbernehmen wir keine Gew\u00e4hr und Haftung f\u00fcr die Aktualit\u00e4t, Richtigkeit und Vollst\u00e4ndigkeit der Daten und f\u00fcr die Inhalte externer Links.<br \/>\nF\u00fcr den Inhalt der verlinkten Seiten sind ausschlie\u00dflich deren Betreiber verantwortlich.<br \/>\nDes weiteren behalten wir uns das Recht vor, jederzeit \u00c4nderungen oder Erg\u00e4nzungen der bereitgestellten Informationen vorzunehmen.<\/td>\n<\/tr>\n<tr>\n<td><strong>Verantwortliche f\u00fcr die Homepage:<\/strong><br \/>\nAstrid Eckers<br \/>\nE-Mail: <b>sekretariat@hagelkreuz-schule.de<\/b><\/td>\n<td><strong>Gestaltung:<\/strong><br \/>\nJoachim Wahl<br \/>\nE-mail: wahl.joachim@arcor.de<br \/>\n<a href=\"http:\/\/www.die-kleine-homepage.de\" target=\"_blank\" rel=\"noopener noreferrer\">Die kleine Homepage<\/a><\/td>\n<\/tr>\n<\/tbody>\n<\/table>\n","protected":false},"excerpt":{"rendered":"<p>&nbsp; HAGELKREUZSCHULE katholische Grundschule L\u00fcttingen Pantaleonstra\u00dfe 13, 46509 Xanten Schulleitung: Daniela Hommen, Schulleiterin Pantaleonstra\u00dfe 13 46509 Xanten Telefon: 02801-2107 Telefax: 02801-6635 E-Mail: sekretariat@hagelkreuz-schule.de Schultr\u00e4ger: Der B\u00fcrgermeister der Stadt Xanten Karthaus 2 46509 Xanten Telefon: 02801-772-0 Telefax: 02801-772-209 E-Mail: post@rathaus-xanten.de Haftungshinweis: \u00a0 Wir sind nicht f\u00fcr die Inhalte fremder Seiten verantwortlich, die \u00fcber einen Link erreicht &hellip; <a href=\"http:\/\/web4966.greatnet-hosting.de\/hks\/impressum\/\" class=\"more-link\"><span class=\"screen-reader-text\">Impressum<\/span> weiterlesen <span class=\"meta-nav\">&rarr;<\/span><\/a><\/p>\n","protected":false},"author":1,"featured_media":0,"parent":0,"menu_order":0,"comment_status":"closed","ping_status":"closed","template":"","meta":[],"_links":{"self":[{"href":"http:\/\/web4966.greatnet-hosting.de\/hks\/wp-json\/wp\/v2\/pages\/29"}],"collection":[{"href":"http:\/\/web4966.greatnet-hosting.de\/hks\/wp-json\/wp\/v2\/pages"}],"about":[{"href":"http:\/\/web4966.greatnet-hosting.de\/hks\/wp-json\/wp\/v2\/types\/page"}],"author":[{"embeddable":true,"href":"http:\/\/web4966.greatnet-hosting.de\/hks\/wp-json\/wp\/v2\/users\/1"}],"replies":[{"embeddable":true,"href":"http:\/\/web4966.greatnet-hosting.de\/hks\/wp-json\/wp\/v2\/comments?post=29"}],"version-history":[{"count":28,"href":"http:\/\/web4966.greatnet-hosting.de\/hks\/wp-json\/wp\/v2\/pages\/29\/revisions"}],"predecessor-version":[{"id":15905,"href":"http:\/\/web4966.greatnet-hosting.de\/hks\/wp-json\/wp\/v2\/pages\/29\/revisions\/15905"}],"wp:attachment":[{"href":"http:\/\/web4966.greatnet-hosting.de\/hks\/wp-json\/wp\/v2\/media?parent=29"}],"curies":[{"name":"wp","href":"https:\/\/api.w.org\/{rel}","templated":true}]}}