{"id":301,"date":"2015-04-29T10:50:25","date_gmt":"2015-04-29T08:50:25","guid":{"rendered":"http:\/\/www.hagelkreuzschule.de\/?page_id=301"},"modified":"2016-11-24T12:47:46","modified_gmt":"2016-11-24T11:47:46","slug":"schulgelaende","status":"publish","type":"page","link":"http:\/\/web4966.greatnet-hosting.de\/hks\/schulgelaende\/","title":{"rendered":"Schulgel\u00e4nde"},"content":{"rendered":"<p>Hier sehen Sie in einer Galerie Fotos von den Schulgeb\u00e4uden, dem Schulgel\u00e4nde und dem Schulhof.<br \/>\n\n\t\t<div id='gallery-1' class='gallery galleryid-301 gallery-columns-4 gallery-size-thumbnail gallery1'><script type=\"text\/javascript\">\r\n\/\/ <![CDATA[\r\n\tjQuery(document).ready(function () {\r\n\t\tjQuery(\".gallery1 a\").attr(\"rel\",\"gallery1\");\t\r\n\t\tjQuery('a[rel=\"gallery1\"]').colorbox({maxWidth:\"95%\", maxHeight:\"95%\",title: function(){ return jQuery(this).children().attr(\"alt\"); }, });\r\n\t});\r\n\/\/ ]]>\r\n<\/script>\n<figure class=\"gallery-item\">\n<div class=\"gallery-icon\">\r\n<a href=\"http:\/\/web4966.greatnet-hosting.de\/hks\/wp-content\/uploads\/2016\/11\/15_04_Schulgebaeude_08.jpg\" title=\"Anbau 1996\" rel=\"gallery1\"><img src=\"http:\/\/web4966.greatnet-hosting.de\/hks\/wp-content\/uploads\/2016\/11\/15_04_Schulgebaeude_08-150x150.jpg\" width=\"150\" height=\"150\" alt=\"Anbau 1996\" \/><\/a>\r\n<\/div><figcaption class=\"gallery-caption\" id=\"caption3506\"><span class=\"imagecaption\">Anbau 1996<\/span><br \/>\n<\/figcaption><\/figure><figure class=\"gallery-item\">\n<div class=\"gallery-icon\">\r\n<a href=\"http:\/\/web4966.greatnet-hosting.de\/hks\/wp-content\/uploads\/2016\/11\/15_04_SchulUmgeb_03.jpg\" title=\"Anbau 1996\" rel=\"gallery1\"><img src=\"http:\/\/web4966.greatnet-hosting.de\/hks\/wp-content\/uploads\/2016\/11\/15_04_SchulUmgeb_03-150x150.jpg\" width=\"150\" height=\"150\" alt=\"Anbau 1996\" \/><\/a>\r\n<\/div><figcaption class=\"gallery-caption\" id=\"caption3508\"><span class=\"imagecaption\">Anbau 1996<\/span><br \/>\n<\/figcaption><\/figure><figure class=\"gallery-item\">\n<div class=\"gallery-icon\">\r\n<a href=\"http:\/\/web4966.greatnet-hosting.de\/hks\/wp-content\/uploads\/2016\/11\/15_04_Rohbau_anbau1.jpg\" title=\"Anbau 1996 Rohbau\" rel=\"gallery1\"><img src=\"http:\/\/web4966.greatnet-hosting.de\/hks\/wp-content\/uploads\/2016\/11\/15_04_Rohbau_anbau1-150x150.jpg\" width=\"150\" height=\"150\" alt=\"Anbau 1996 Rohbau\" \/><\/a>\r\n<\/div><figcaption class=\"gallery-caption\" id=\"caption3496\"><span class=\"imagecaption\">Anbau 1996 Rohbau<\/span><br \/>\n<\/figcaption><\/figure><figure class=\"gallery-item\">\n<div class=\"gallery-icon\">\r\n<a href=\"http:\/\/web4966.greatnet-hosting.de\/hks\/wp-content\/uploads\/2016\/11\/15_04_Altbau_allein.jpg\" title=\"Altbau (Mitte)\" rel=\"gallery1\"><img src=\"http:\/\/web4966.greatnet-hosting.de\/hks\/wp-content\/uploads\/2016\/11\/15_04_Altbau_allein-150x150.jpg\" width=\"150\" height=\"150\" alt=\"Altbau (Mitte)\" \/><\/a>\r\n<\/div><figcaption class=\"gallery-caption\" id=\"caption3540\"><span class=\"imagecaption\">Altbau (Mitte)<\/span><br \/>\n<\/figcaption><\/figure><figure class=\"gallery-item\">\n<div class=\"gallery-icon\">\r\n<a href=\"http:\/\/web4966.greatnet-hosting.de\/hks\/wp-content\/uploads\/2016\/11\/15_04_SchulUmgeb_04.jpg\" title=\"Schulhof hinten\" rel=\"gallery1\"><img src=\"http:\/\/web4966.greatnet-hosting.de\/hks\/wp-content\/uploads\/2016\/11\/15_04_SchulUmgeb_04-150x150.jpg\" width=\"150\" height=\"150\" alt=\"Schulhof hinten\" \/><\/a>\r\n<\/div><figcaption class=\"gallery-caption\" id=\"caption3509\"><span class=\"imagecaption\">Schulhof hinten<\/span><br \/>\n<\/figcaption><\/figure><figure class=\"gallery-item\">\n<div class=\"gallery-icon\">\r\n<a href=\"http:\/\/web4966.greatnet-hosting.de\/hks\/wp-content\/uploads\/2016\/11\/15_04_Schulgebaeude_07.jpg\" title=\"Anbau 2000\" rel=\"gallery1\"><img src=\"http:\/\/web4966.greatnet-hosting.de\/hks\/wp-content\/uploads\/2016\/11\/15_04_Schulgebaeude_07-150x150.jpg\" width=\"150\" height=\"150\" alt=\"Anbau 2000\" \/><\/a>\r\n<\/div><figcaption class=\"gallery-caption\" id=\"caption3505\"><span class=\"imagecaption\">Anbau 2000<\/span><br \/>\n<\/figcaption><\/figure><figure class=\"gallery-item\">\n<div class=\"gallery-icon\">\r\n<a href=\"http:\/\/web4966.greatnet-hosting.de\/hks\/wp-content\/uploads\/2016\/11\/15_04_Schulansicht0.jpg\" title=\"Anbau 2000\" rel=\"gallery1\"><img src=\"http:\/\/web4966.greatnet-hosting.de\/hks\/wp-content\/uploads\/2016\/11\/15_04_Schulansicht0-150x150.jpg\" width=\"150\" height=\"150\" alt=\"Anbau 2000\" \/><\/a>\r\n<\/div><figcaption class=\"gallery-caption\" id=\"caption3502\"><span class=\"imagecaption\">Anbau 2000<\/span><br \/>\n<\/figcaption><\/figure><figure class=\"gallery-item\">\n<div class=\"gallery-icon\">\r\n<a href=\"http:\/\/web4966.greatnet-hosting.de\/hks\/wp-content\/uploads\/2016\/11\/15_04_Pausenhalle.jpg\" title=\"Alte Pausenhalle\" rel=\"gallery1\"><img src=\"http:\/\/web4966.greatnet-hosting.de\/hks\/wp-content\/uploads\/2016\/11\/15_04_Pausenhalle-150x150.jpg\" width=\"150\" height=\"150\" alt=\"Alte Pausenhalle\" \/><\/a>\r\n<\/div><figcaption class=\"gallery-caption\" id=\"caption3493\"><span class=\"imagecaption\">Alte Pausenhalle<\/span><br \/>\n<\/figcaption><\/figure>\r\n\t\t<\/div>\n<\/p>\n<p>Die ersten beiden Fotos zeigen den Anbau von 1996. Damals wurde es zu klein im Altbau, da es nicht bei der Einz\u00fcgigkeit mit 4 Klassen blieb. Das dritte Foto zeigt diesen ersten Anbau im Rohbau. In diesem Neubau wurden auch die Verwaltung und die Lehrerzimmer untergebracht.<br \/>\nIn diesen Jahren von 1996 bis 2000 wuchs die Schule in die Zweiz\u00fcgigkeit. Das vierte Foto zeigt den urspr\u00fcnglichen ersten Bau, die eigentliche Grundschule, die f\u00fcr 4 Klassen gedacht war (und lange auch gereicht hatte).<br \/>\nAuf dem sechsten und siebten Bild sieht man den zweiten Anbau, der 2000 fertiggestellt wurde. Wie schon 1996 war die Schule erneut zu klein geworden, so dass tats\u00e4chlich eine Klasse f\u00fcr ein Schuljahr ausquartiert werden musste. Vor dem ersten Anbau war es 1994 Frau West, die ins Feuerwehr-Ger\u00e4tehaus auswich, vor dem zweiten Anbau von war es 1998 Frau Steffans, die mit ihrer Klasse t\u00e4glich ins Feuerwehr-Ger\u00e4tehaus &#8222;wanderte&#8220;.<br \/>\nF\u00fcr diesen zweiten Anbau musste unsere Pausenhalle mit ihrer Wandbemalung abgerissen werden. Mit diesem Geb\u00e4udeteil war Platz geschaffen f\u00fcr eine vollst\u00e4ndige Dreiz\u00fcgigkeit mit deutlich \u00fcber 300 Sch\u00fclern.<br \/>\n\n\t\t<div id='gallery-2' class='gallery galleryid-301 gallery-columns-5 gallery-size-thumbnail gallery1'><script type=\"text\/javascript\">\r\n\/\/ <![CDATA[\r\n\tjQuery(document).ready(function () {\r\n\t\tjQuery(\".gallery1 a\").attr(\"rel\",\"gallery1\");\t\r\n\t\tjQuery('a[rel=\"gallery1\"]').colorbox({maxWidth:\"95%\", maxHeight:\"95%\",title: function(){ return jQuery(this).children().attr(\"alt\"); }, });\r\n\t});\r\n\/\/ ]]>\r\n<\/script>\n<figure class=\"gallery-item\">\n<div class=\"gallery-icon\">\r\n<a href=\"http:\/\/web4966.greatnet-hosting.de\/hks\/wp-content\/uploads\/2015\/04\/15_04_Schulevoben_05.jpg\" title=\"Hagelkreuzschule von oben 1\" rel=\"gallery1\"><img src=\"http:\/\/web4966.greatnet-hosting.de\/hks\/wp-content\/uploads\/2015\/04\/15_04_Schulevoben_05-150x150.jpg\" width=\"150\" height=\"150\" alt=\"Hagelkreuzschule von oben 1\" \/><\/a>\r\n<\/div><figcaption class=\"gallery-caption\" id=\"caption4939\"><span class=\"imagecaption\">Hagelkreuzschule von oben 1<\/span><br \/>\n<\/figcaption><\/figure><figure class=\"gallery-item\">\n<div class=\"gallery-icon\">\r\n<a href=\"http:\/\/web4966.greatnet-hosting.de\/hks\/wp-content\/uploads\/2015\/04\/15_04_Schulevoben_04.jpg\" title=\"Hagelkreuzschule von oben 2\" rel=\"gallery1\"><img src=\"http:\/\/web4966.greatnet-hosting.de\/hks\/wp-content\/uploads\/2015\/04\/15_04_Schulevoben_04-150x150.jpg\" width=\"150\" height=\"150\" alt=\"Hagelkreuzschule von oben 2\" \/><\/a>\r\n<\/div><figcaption class=\"gallery-caption\" id=\"caption4938\"><span class=\"imagecaption\">Hagelkreuzschule von oben 2<\/span><br \/>\n<\/figcaption><\/figure><figure class=\"gallery-item\">\n<div class=\"gallery-icon\">\r\n<a href=\"http:\/\/web4966.greatnet-hosting.de\/hks\/wp-content\/uploads\/2015\/04\/15_04_Schulevoben_02.jpg\" title=\"Hagelkreuzschule von oben 3\" rel=\"gallery1\"><img src=\"http:\/\/web4966.greatnet-hosting.de\/hks\/wp-content\/uploads\/2015\/04\/15_04_Schulevoben_02-150x150.jpg\" width=\"150\" height=\"150\" alt=\"Hagelkreuzschule von oben 3\" \/><\/a>\r\n<\/div><figcaption class=\"gallery-caption\" id=\"caption4936\"><span class=\"imagecaption\">Hagelkreuzschule von oben 3<\/span><br \/>\n<\/figcaption><\/figure><figure class=\"gallery-item\">\n<div class=\"gallery-icon\">\r\n<a href=\"http:\/\/web4966.greatnet-hosting.de\/hks\/wp-content\/uploads\/2015\/04\/15_04_Schulevoben_01.jpg\" title=\"Hagelkreuzschule von oben 4\" rel=\"gallery1\"><img src=\"http:\/\/web4966.greatnet-hosting.de\/hks\/wp-content\/uploads\/2015\/04\/15_04_Schulevoben_01-150x150.jpg\" width=\"150\" height=\"150\" alt=\"Hagelkreuzschule von oben 4\" \/><\/a>\r\n<\/div><figcaption class=\"gallery-caption\" id=\"caption4935\"><span class=\"imagecaption\">Hagelkreuzschule von oben 4<\/span><br \/>\n<\/figcaption><\/figure><figure class=\"gallery-item\">\n<div class=\"gallery-icon\">\r\n<a href=\"http:\/\/web4966.greatnet-hosting.de\/hks\/wp-content\/uploads\/2015\/04\/15_04_Schulevoben_03.jpg\" title=\"St. Pantaleon von oben\" rel=\"gallery1\"><img src=\"http:\/\/web4966.greatnet-hosting.de\/hks\/wp-content\/uploads\/2015\/04\/15_04_Schulevoben_03-150x150.jpg\" width=\"150\" height=\"150\" alt=\"St. Pantaleon von oben\" \/><\/a>\r\n<\/div><figcaption class=\"gallery-caption\" id=\"caption4937\"><span class=\"imagecaption\">St. Pantaleon von oben<\/span><br \/>\n<\/figcaption><\/figure>\r\n\t\t<\/div>\n<\/p>\n","protected":false},"excerpt":{"rendered":"<p>Hier sehen Sie in einer Galerie Fotos von den Schulgeb\u00e4uden, dem Schulgel\u00e4nde und dem Schulhof. Die ersten beiden Fotos zeigen den Anbau von 1996. Damals wurde es zu klein im Altbau, da es nicht bei der Einz\u00fcgigkeit mit 4 Klassen blieb. Das dritte Foto zeigt diesen ersten Anbau im Rohbau. In diesem Neubau wurden auch &hellip; <a href=\"http:\/\/web4966.greatnet-hosting.de\/hks\/schulgelaende\/\" class=\"more-link\"><span class=\"screen-reader-text\">Schulgel\u00e4nde<\/span> weiterlesen <span class=\"meta-nav\">&rarr;<\/span><\/a><\/p>\n","protected":false},"author":1,"featured_media":0,"parent":0,"menu_order":0,"comment_status":"closed","ping_status":"closed","template":"","meta":[],"_links":{"self":[{"href":"http:\/\/web4966.greatnet-hosting.de\/hks\/wp-json\/wp\/v2\/pages\/301"}],"collection":[{"href":"http:\/\/web4966.greatnet-hosting.de\/hks\/wp-json\/wp\/v2\/pages"}],"about":[{"href":"http:\/\/web4966.greatnet-hosting.de\/hks\/wp-json\/wp\/v2\/types\/page"}],"author":[{"embeddable":true,"href":"http:\/\/web4966.greatnet-hosting.de\/hks\/wp-json\/wp\/v2\/users\/1"}],"replies":[{"embeddable":true,"href":"http:\/\/web4966.greatnet-hosting.de\/hks\/wp-json\/wp\/v2\/comments?post=301"}],"version-history":[{"count":4,"href":"http:\/\/web4966.greatnet-hosting.de\/hks\/wp-json\/wp\/v2\/pages\/301\/revisions"}],"predecessor-version":[{"id":4946,"href":"http:\/\/web4966.greatnet-hosting.de\/hks\/wp-json\/wp\/v2\/pages\/301\/revisions\/4946"}],"wp:attachment":[{"href":"http:\/\/web4966.greatnet-hosting.de\/hks\/wp-json\/wp\/v2\/media?parent=301"}],"curies":[{"name":"wp","href":"https:\/\/api.w.org\/{rel}","templated":true}]}}