{"id":321,"date":"2015-04-29T11:16:41","date_gmt":"2015-04-29T09:16:41","guid":{"rendered":"http:\/\/www.hagelkreuzschule.de\/?page_id=321"},"modified":"2016-11-23T17:58:27","modified_gmt":"2016-11-23T16:58:27","slug":"das-hagelkreuz","status":"publish","type":"page","link":"http:\/\/web4966.greatnet-hosting.de\/hks\/das-hagelkreuz\/","title":{"rendered":"Das Hagelkreuz"},"content":{"rendered":"<p>Unsere Schule ist nach dem Hagelkreuz benannt, das <b>auf halber Strecke zwischen L\u00fcttingen und Wardt<\/b> steht. Die <b>Wardter und L\u00fcttinger Kinder<\/b> sind in der Vergangenheit teilweise <b>an getrennten Schulen<\/b> zeitweise <b>aber auch gemeinsam<\/b> in einer Schule unterrichtet worden.<br \/>\nDie damalige gemeinsame Schule stand in der N\u00e4he des Hagelkreuzes. Nun haben sie seit mehr als 45 Jahren wieder eine gemeinsame Schule, weil es in Wardt keine eigene Schule mehr gibt. Wegen dieses nun schon jahrzehntelangen gemeinsamen Schulbesuchs kam unserem Schulleiter Herrn Munkes <b>1996 die Idee, die Schule &#8222;Hagelkreuzschule&#8220; zu nennen<\/b>.<br \/>\nBeide D\u00f6rfer verbindet mit dem Hagelkreuz eine gemeinsame Vergangenheit. So erinnert diese <b>Namensgebung<\/b> an die alte gemeinsame Schule, an die Zeit als Wardt und L\u00fcttingen eine einzige Gemeinde waren und an die Zeit, da man noch zu Fu\u00df die Hagelkreuzstra\u00dfe bis zum Hagelkreuz und weiter ins Nachbardorf laufen konnte.<br \/>\n\n\t\t<div id='gallery-1' class='gallery galleryid-321 gallery-columns-4 gallery-size-thumbnail gallery1'><script type=\"text\/javascript\">\r\n\/\/ <![CDATA[\r\n\tjQuery(document).ready(function () {\r\n\t\tjQuery(\".gallery1 a\").attr(\"rel\",\"gallery1\");\t\r\n\t\tjQuery('a[rel=\"gallery1\"]').colorbox({maxWidth:\"95%\", maxHeight:\"95%\",title: function(){ return jQuery(this).children().attr(\"alt\"); }, });\r\n\t});\r\n\/\/ ]]>\r\n<\/script>\n<figure class=\"gallery-item\">\n<div class=\"gallery-icon\">\r\n<a href=\"http:\/\/web4966.greatnet-hosting.de\/hks\/wp-content\/uploads\/2016\/11\/15_04_HagelkreuzInschriften_3-1.jpg\" title=\"Das Hagelkreuz mit Inschrift\" rel=\"gallery1\"><img src=\"http:\/\/web4966.greatnet-hosting.de\/hks\/wp-content\/uploads\/2016\/11\/15_04_HagelkreuzInschriften_3-1-150x150.jpg\" width=\"150\" height=\"150\" alt=\"Das Hagelkreuz mit Inschrift\" \/><\/a>\r\n<\/div><figcaption class=\"gallery-caption\" id=\"caption4918\"><span class=\"imagecaption\">Das Hagelkreuz mit Inschrift<\/span><br \/>\n<\/figcaption><\/figure><figure class=\"gallery-item\">\n<div class=\"gallery-icon\">\r\n<a href=\"http:\/\/web4966.greatnet-hosting.de\/hks\/wp-content\/uploads\/2016\/11\/15_04_Hagelkreuzschule_Schild.jpg\" title=\"\" rel=\"gallery1\"><img src=\"http:\/\/web4966.greatnet-hosting.de\/hks\/wp-content\/uploads\/2016\/11\/15_04_Hagelkreuzschule_Schild-150x123.jpg\" width=\"150\" height=\"123\" alt=\"\" \/><\/a>\r\n<\/div><\/figure><figure class=\"gallery-item\">\n<div class=\"gallery-icon\">\r\n<a href=\"http:\/\/web4966.greatnet-hosting.de\/hks\/wp-content\/uploads\/2016\/11\/15_04_hagelkreuz3.gif\" title=\"Aus dem damaligen Zeitungsbericht\" rel=\"gallery1\"><img src=\"http:\/\/web4966.greatnet-hosting.de\/hks\/wp-content\/uploads\/2016\/11\/15_04_hagelkreuz3-150x150.gif\" width=\"150\" height=\"150\" alt=\"Aus dem damaligen Zeitungsbericht\" \/><\/a>\r\n<\/div><figcaption class=\"gallery-caption\" id=\"caption3452\"><span class=\"imagecaption\">Aus dem damaligen Zeitungsbericht<\/span><br \/>\n<\/figcaption><\/figure><figure class=\"gallery-item\">\n<div class=\"gallery-icon\">\r\n<a href=\"http:\/\/web4966.greatnet-hosting.de\/hks\/wp-content\/uploads\/2016\/11\/15_04_hagelkreuz4.gif\" title=\"Hagelkreuz alt\" rel=\"gallery1\"><img src=\"http:\/\/web4966.greatnet-hosting.de\/hks\/wp-content\/uploads\/2016\/11\/15_04_hagelkreuz4-150x150.gif\" width=\"150\" height=\"150\" alt=\"Hagelkreuz alt\" \/><\/a>\r\n<\/div><figcaption class=\"gallery-caption\" id=\"caption3453\"><span class=\"imagecaption\">Hagelkreuz alt<\/span><br \/>\n<\/figcaption><\/figure><figure class=\"gallery-item\">\n<div class=\"gallery-icon\">\r\n<a href=\"http:\/\/web4966.greatnet-hosting.de\/hks\/wp-content\/uploads\/2016\/11\/15_04_hagelkreuz2.gif\" title=\"Kohlezeichnung\" rel=\"gallery1\"><img src=\"http:\/\/web4966.greatnet-hosting.de\/hks\/wp-content\/uploads\/2016\/11\/15_04_hagelkreuz2-150x150.gif\" width=\"150\" height=\"150\" alt=\"Kohlezeichnung\" \/><\/a>\r\n<\/div><figcaption class=\"gallery-caption\" id=\"caption3451\"><span class=\"imagecaption\">Kohlezeichnung<\/span><br \/>\n<\/figcaption><\/figure><figure class=\"gallery-item\">\n<div class=\"gallery-icon\">\r\n<a href=\"http:\/\/web4966.greatnet-hosting.de\/hks\/wp-content\/uploads\/2016\/11\/15_04_hagelkreuz1.gif\" title=\"Als man noch zu Fu\u00df von L\u00fcttingen dorthin kam\" rel=\"gallery1\"><img src=\"http:\/\/web4966.greatnet-hosting.de\/hks\/wp-content\/uploads\/2016\/11\/15_04_hagelkreuz1-150x150.gif\" width=\"150\" height=\"150\" alt=\"Als man noch zu Fu\u00df von L\u00fcttingen dorthin kam\" \/><\/a>\r\n<\/div><figcaption class=\"gallery-caption\" id=\"caption3450\"><span class=\"imagecaption\">Als man noch zu Fu\u00df von L\u00fcttingen dorthin kam<\/span><br \/>\n<\/figcaption><\/figure>\r\n\t\t<\/div>\n<\/p>\n<h3>Das Hagelkreuz mit den drei Linden<\/h3>\n<p>Das letzte Schwarz-Wei\u00df-Foto der reihe zeigt das Hagelkreuz zu einer Zeit, als es noch nicht von Baggerseen umschlossen war. Die L\u00fcttinger konnten noch direkt auf der Hagelkreuzstra\u00dfe dorthin gelangen.<\/p>\n<h3>Wann bekam die Schule den Namen &#8222;Hagelkreuzschule&#8220;?<\/h3>\n<p>Am 12. Juni 1996 haben alle Kinder der katholischen Grundschule L\u00fcttingen eine Wanderung zum Hagelkreuz gemacht, denn am 14. Juni 1996, zwei Tage sp\u00e4ter, bekam die Schule ihren Namen. Am 26. Juni 1996 wurde der Name &#8222;Hagelkreuzschule&#8220; an der Wand des Schulgeb\u00e4udes angebracht.<\/p>\n<h3>Das Hagelkreuz<\/h3>\n<p>Das Hagelkreuz sollte die Bauern und ihre Ernte <b>vor Hagel, Gewitter und St\u00fcrmen sch\u00fctzen<\/b>. Sie pilgerten dort hin um Gott um <b>Beistand gegen die Vernichtung<\/b> der Ernte zu bitten.<br \/>\nEs wurden <b>drei Linden beim Hagelkreuz<\/b> gepflanzt. Diese Linden &#8211; in Kreuzform gestutzt &#8211; sind zusammen mit dem Hagelkreuz weithin sichtbar, wenn man von L\u00fcttingen nach Wardt f\u00e4hrt. Es steht im Nibelungenbad auf einer extra hergerichteten Halbinsel, damit die Menschen es noch aufsuchen k\u00f6nnen. Die Jahre sind nicht spurlos am Hagelkreuz vor\u00fcber gegangen. Nicht nur der Fu\u00df der S\u00e4ule auch das Kreuz selbst ist in Mitleidenschaft gezogen.<br \/>\nAber am 14. M\u00e4rz 2000 fand man nach dem <b>Sturm in der Nacht<\/b> beim Hagelkreuz nur noch zwei Linden vor. Eine dritte junge Pflanze ist wieder gesetzt worden. Das Hagelkreuz, das Bauern zum Schutz f\u00fcr Flur und Feldarbeit im 12. Jahrhundert errichteten, war lange Zeit Ziel von Pilgern aus beiden Orten.<\/p>\n","protected":false},"excerpt":{"rendered":"<p>Unsere Schule ist nach dem Hagelkreuz benannt, das auf halber Strecke zwischen L\u00fcttingen und Wardt steht. Die Wardter und L\u00fcttinger Kinder sind in der Vergangenheit teilweise an getrennten Schulen zeitweise aber auch gemeinsam in einer Schule unterrichtet worden. Die damalige gemeinsame Schule stand in der N\u00e4he des Hagelkreuzes. Nun haben sie seit mehr als 45 &hellip; <a href=\"http:\/\/web4966.greatnet-hosting.de\/hks\/das-hagelkreuz\/\" class=\"more-link\"><span class=\"screen-reader-text\">Das Hagelkreuz<\/span> weiterlesen <span class=\"meta-nav\">&rarr;<\/span><\/a><\/p>\n","protected":false},"author":1,"featured_media":0,"parent":0,"menu_order":0,"comment_status":"closed","ping_status":"closed","template":"","meta":[],"_links":{"self":[{"href":"http:\/\/web4966.greatnet-hosting.de\/hks\/wp-json\/wp\/v2\/pages\/321"}],"collection":[{"href":"http:\/\/web4966.greatnet-hosting.de\/hks\/wp-json\/wp\/v2\/pages"}],"about":[{"href":"http:\/\/web4966.greatnet-hosting.de\/hks\/wp-json\/wp\/v2\/types\/page"}],"author":[{"embeddable":true,"href":"http:\/\/web4966.greatnet-hosting.de\/hks\/wp-json\/wp\/v2\/users\/1"}],"replies":[{"embeddable":true,"href":"http:\/\/web4966.greatnet-hosting.de\/hks\/wp-json\/wp\/v2\/comments?post=321"}],"version-history":[{"count":4,"href":"http:\/\/web4966.greatnet-hosting.de\/hks\/wp-json\/wp\/v2\/pages\/321\/revisions"}],"predecessor-version":[{"id":4916,"href":"http:\/\/web4966.greatnet-hosting.de\/hks\/wp-json\/wp\/v2\/pages\/321\/revisions\/4916"}],"wp:attachment":[{"href":"http:\/\/web4966.greatnet-hosting.de\/hks\/wp-json\/wp\/v2\/media?parent=321"}],"curies":[{"name":"wp","href":"https:\/\/api.w.org\/{rel}","templated":true}]}}