{"id":37,"date":"2015-04-16T12:22:03","date_gmt":"2015-04-16T10:22:03","guid":{"rendered":"http:\/\/www.hagelkreuzschule.de\/?page_id=37"},"modified":"2019-04-02T16:42:38","modified_gmt":"2019-04-02T14:42:38","slug":"internet-links","status":"publish","type":"page","link":"http:\/\/web4966.greatnet-hosting.de\/hks\/internet-links\/","title":{"rendered":"Internet-Links"},"content":{"rendered":"<p>Es gibt unendlich viele Internetseiten, die es wert w\u00e4ren, genannt und empfohlen zu werden. Wir k\u00f6nnen und wollen nur eine Auswahl daraus vorstellen und beschr\u00e4nken uns auf einige Seiten aus der lokalen Umgebung Xantens sowie eine subjektive Auswahl an Internetseiten zum Thema Lernen &#8211; Wissen &#8211; Bildung.<\/p>\n<p>Unsere Link-Liste weist vier Bereiche auf:<\/p>\n<ul>\n<li>Internetseiten f\u00fcr <a href=\"#Lernen,Wissen\">Kinder <\/a> zum Lernen und Spielen<\/li>\n<li>Internetseiten f\u00fcr <a href=\"#Bildung\">Eltern und Lehrer<\/a> zum Thema Bildung<\/li>\n<li>Seiten aus <a href=\"#umgebung\">Xanten, L\u00fcttingen und Umgebung<\/a><\/li>\n<li><a href=\"#Schulen\">Weiterf\u00fchrende Schulen Xantens<\/a><\/li>\n<\/ul>\n<p><a name=\"Lernen,Wissen\"><\/a><\/p>\n<p style=\"text-align: left; color: #ff0000;\"><b>Und hier gilt: Wir sind nicht f\u00fcr die Inhalte fremder Seiten verantwortlich, die \u00fcber einen Link erreicht werden.<\/b><\/p>\n<table align=\"center\">\n<tbody>\n<tr>\n<td colspan=\"2\" style=\"background-color: #ffdd77;\">\n<h3>F\u00fcr Kinder (aber auch f\u00fcr Eltern und Lehrer)<\/h3>\n<\/td>\n<\/tr>\n<tr>\n<td width=\"30%\"><a href=\"http:\/\/www.blinde-kuh.de\/\" target=\"_blank\"><b> blinde-kuh<\/b> <\/a><\/td>\n<td>ausgezeichnete Suchmaschine speziell f\u00fcr Kinder. Von hier aus kommt man sehr gut zu weiteren kindgem\u00e4\u00dfen Seiten<\/td>\n<\/tr>\n<tr>\n<td><a href=\"http:\/\/www.bmu.de\/kinder\" target=\"_blank\"><b> bmu f\u00fcr kinder<\/b> <\/a><\/td>\n<td>Das Bundesumweltministerium mit Inhalten f\u00fcr Lehrer und Kinder<\/td>\n<\/tr>\n<tr>\n<td><a href=\"http:\/\/www.br-kinderinsel.de\/\" target=\"_blank\"><b> br-kinderinsel<\/b> <\/a><\/td>\n<td>sehr gut Seite zu vielen wissenswerten Dingen (ein Lexikon). Besonders interessant die Nachrichten f\u00fcr Kinder<\/td>\n<\/tr>\n<tr>\n<td><a href=\"http:\/\/www.fragfinn.de\/\" target=\"_blank\"><b>fragFinn<\/b> <\/a><\/td>\n<td>Eine recht neue Kindersuchmaschine. Die Suchergebnisse sind f\u00fcr Kinder geeignet, weil problematische Seiten vorher schon herausgefiltert wurden.<\/td>\n<\/tr>\n<tr>\n<td><a href=\"http:\/\/www.hamsterkiste.de\/\" target=\"_blank\"> <b>hamsterkiste<\/b> <\/a><\/td>\n<td>Interessantes aus vielen Wissensgebieten aufbereitet (Bilder, gro\u00dfe Schrift) f\u00fcr Grundschulkinder. Echt nett!!<\/td>\n<\/tr>\n<tr>\n<td><a href=\"http:\/\/www.helmi.at\/\" target=\"_blank\"> <b>helmi<\/b> <\/a><\/td>\n<td>Eine Seite mit \u00dcbungen zur Verkehrserziehung<\/td>\n<\/tr>\n<tr>\n<td><a href=\"http:\/\/www.geolino.de\/\" target=\"_blank\"> <b>geolino<\/b> <\/a><\/td>\n<td>die kleine Ausgabe zur Zeitschrift &#8222;GEO&#8220; und zu deren Internetangebot<\/td>\n<\/tr>\n<tr>\n<td><a href=\"http:\/\/www.kika.de\/\" target=\"_blank\"> <b>kika<\/b> <\/a><\/td>\n<td>Fernsehkanal KIKA<\/td>\n<\/tr>\n<tr>\n<td><a href=\"http:\/\/www.kindernetz.de\/\" target=\"_blank\"> <b>kindernetz<\/b> <\/a><\/td>\n<td>Kinderseiten des SWF<\/td>\n<\/tr>\n<tr>\n<td><a href=\"http:\/\/www.kindersache.de\/\" target=\"_blank\"> <b>kindersache<\/b> <\/a><\/td>\n<td>Internetseiten des Kinderhilfswerks<\/td>\n<\/tr>\n<tr>\n<td><a href=\"http:\/\/www.kinderweltmusik.de\/\" target=\"_blank\"> <b>kinderweltmusik<\/b> <\/a><\/td>\n<td>Musik und Musikinformationen aus aller Welt<\/td>\n<\/tr>\n<tr>\n<td><a href=\"http:\/\/www.lilipuz.de\/\" target=\"_blank\"> <b>lilipuz<\/b> <\/a><\/td>\n<td>Interessantes zum H\u00f6rfunk des WDR, aber auch Spiele, Leseanregungen, Nachrichten f\u00fcr Kinder, Experimente (Wissenschaft f\u00fcr Kinder), etc.<\/td>\n<\/tr>\n<tr>\n<td><a href=\"http:\/\/www.nafoku.de\/\" target=\"_blank\"> <b>nafoku<\/b> <\/a><\/td>\n<td>Natur- und Foto-Kunst aus der Region um Freiburg. Eine Fotografin h\u00e4lt die Jahreszeiten an Hand aller m\u00f6glichen Pflanzen und Tiere fest und stellt die Bilderserien ins Netz.<\/td>\n<\/tr>\n<tr>\n<td><a href=\"http:\/\/www.Naturschule.com\" target=\"_blank\"> <b>Naturschule<\/b> <\/a><\/td>\n<td>Fotografien und Texte zu Tieren und Pflanzen aus der Wildparkschule der Anholter Schweiz. Fotos und Texte von Hans-Wilhelm Gr\u00f6mping.<\/td>\n<\/tr>\n<tr>\n<td><a href=\"http:\/\/www.physikforkids.de\/\" target=\"_blank\"> <b>physik for kids <\/b><\/a><\/td>\n<td>von der UNI Oldenburg<\/td>\n<\/tr>\n<tr>\n<td><a href=\"http:\/\/www.primolo.de\/\" target=\"_blank\"> <b>primolo<\/b> <\/a><\/td>\n<td>Ein Webseiten-Generator f\u00fcr Kinder. Ja, Kinder k\u00f6nnen hier relativ leicht eigene kleine Webseiten erstellen!<\/td>\n<\/tr>\n<tr>\n<td><a href=\"http:\/\/www.sowieso.de\/\" target=\"_blank\"> <b>sowieso<\/b> <\/a><\/td>\n<td>Eine online-Zeitung f\u00fcr junge Leser, untergliedert in verschiedene Bereiche (Sport, Weltnachrichten, Vermischtes, Land und Leute, etc.)<\/td>\n<\/tr>\n<tr>\n<td><a href=\"http:\/\/www.terzio.de\/\" target=\"_blank\"> <b>terzio<\/b> <\/a><\/td>\n<td>Alles M\u00f6gliche zu L\u00f6wenzahn etc.<\/td>\n<\/tr>\n<tr>\n<td><a href=\"http:\/\/www.kindernetz.de\/oli\/tierlexikon\/index.php\" target=\"_blank\"> <b>Tierlexikon des SWR<\/b> <\/a><\/td>\n<td>In &#8222;Olis wilder Welt&#8220; gibt es dieses ausgezeichnete, umfangreiche Tierlexikon, das kindgerechte Texte zu fast 200 Tieren bietet.<\/td>\n<\/tr>\n<tr>\n<td><a href=\"http:\/\/www.tivi.de\/\" target=\"_blank\"> <b>tivi<\/b> <\/a><\/td>\n<td>Kinderseite, die \u00fcber das Fernsehprogramm des ZDF hinausgeht<\/td>\n<\/tr>\n<tr>\n<td><a href=\"http:\/\/www.wasistwas.de\/\" target=\"_blank\"> <b>was ist was<\/b> <\/a><\/td>\n<td>Interessantes \u00fcber die Buchreihe &#8222;Was ist was&#8220; hinaus<\/td>\n<\/tr>\n<tr>\n<td><a href=\"http:\/\/www.wdrmaus.de\/\" target=\"_blank\"> <b>WDR &#8211; Die Maus<\/b> <\/a><\/td>\n<td>Infos zur Maus, Spiele<\/td>\n<\/tr>\n<tr>\n<td><a href=\"http:\/\/www.wdr.de\/wissen\/kinder_wissen\/themen\/index.php5\" target=\"blank\"> WDR &#8211; Wissen<\/a><\/td>\n<td>Wissensportal des WDR mit Informationen, Spielen und Ratestrecken f\u00fcr Grundschulkinder<\/td>\n<\/tr>\n<tr>\n<td><a href=\"http:\/\/www.zzzebra.de\" target=\"_blank\"> <b>zzzebra<\/b> <\/a><\/td>\n<td>Bastelanleitungen, Spielanregungen und Wissenswertes aus der Natur von der Firma Labbe (Schreibwaren).<\/td>\n<\/tr>\n<\/tbody>\n<\/table>\n<p><a name=\"Bildung\"><\/a><\/p>\n<table align=\"center\">\n<tbody>\n<tr>\n<td colspan=\"2\"  style=\"background-color: #ffdd77;\">\n<h3>F\u00fcr Eltern und Lehrer<\/h3>\n<\/td>\n<\/tr>\n<tr>\n<td><a href=\"http:\/\/www.medienwerkstatt-online.de\" target=\"_blank\"><b>Medienwerkstatt M\u00fchlacker<\/b><\/a><\/td>\n<td>\u00c4hnlich knapp und wenig animiert kommt die &#8222;Lernwerkstatt&#8220; der Medienwerkstatt daher. Sie hat neben Deutsch und Mathematik noch einen Logikblock, der sehr interessant ist.<\/td>\n<\/tr>\n<tr>\n<td><a href=\"http:\/\/www.digitalefolien.de\/\" target=\"_blank\"> <b>digitalefolien<\/b> <\/a><\/td>\n<td>Schatztruhe f\u00fcr Lehrkr\u00e4fte (Unterrichtsvorbereitung)<\/td>\n<\/tr>\n<tr>\n<td><a href=\"http:\/\/www.schulministerium.nrw.de\/docs\/bp\/index.html\" target=\"_blank\"> <b>bildungsportal nrw<\/b><\/a><\/td>\n<td>Offizielle Seite des Bildungsministeriums<\/td>\n<\/tr>\n<tr>\n<td><a href=\"http:\/\/www.grundschule-online.de\/\" target=\"_blank\"> <b>grundschule-online<\/b><\/a><\/td>\n<td>Internetseite von Stephan Woeckel, Autor des Buches &#8222;Internet in der Grundschule&#8220;. Recht interessant, weil ausgewogen. Es gibt z.B. auch Software-Informationen f\u00fcr den Schulbereich<\/td>\n<\/tr>\n<\/tbody>\n<\/table>\n<p><a name=\"umgebung\"><\/a><\/p>\n<table align=\"center\">\n<tbody>\n<tr>\n<td colspan=\"2\"  style=\"background-color: #ffdd77;\">\n<h3>Die Stadt Xanten, L\u00fcttingen und Sehensw\u00fcrdigkeiten<\/h3>\n<\/td>\n<\/tr>\n<tr>\n<td width=\"30%\"><a href=\"http:\/\/www.xanten.de\" target=\"_blank\"><b>Stadt Xanten<\/b><\/a><\/td>\n<td>Wenn Sie sich f\u00fcr die sch\u00f6ne Stadt Xanten und ihre Sehensw\u00fcrdigkeiten interessieren, wenn Sie Interesse an den Freizeitangeboten und den kulturellen Ereignissen haben, sind Sie hier richtig.<\/td>\n<\/tr>\n<tr>\n<td><a href=\"http:\/\/www.rathaus-xanten.de\/\" target=\"_blank\"><b>Rathaus Xanten im Internet<\/b><\/a><\/td>\n<td>Alles, was das Rathaus an Service und Dienstleistungen oder an Ausk\u00fcnften liefert, ist auch hier im Internet zu finden.<\/td>\n<\/tr>\n<tr>\n<td><a href=\"http:\/\/www.luettingen.de\" target=\"_blank\"><b>L\u00fcttingen<\/b><\/a><\/td>\n<td>Hier erfahren Sie noch mehr \u00fcber L\u00fcttingen. Sie finden Wissenswertes \u00fcber die Geschichte, die Vereine und die Aktivit\u00e4ten des Dorfes und seiner Menschen.<\/td>\n<\/tr>\n<tr>\n<td><a href=\"http:\/\/www.ssv-luettingen.de\" target=\"_blank\"><b>SSV Rheintreu L\u00fcttingen<\/b><\/a><\/td>\n<td>Die nagelneue Seite des L\u00fcttinger Sportvereins, seit M\u00e4rz 2006 im Netz.<\/td>\n<\/tr>\n<tr>\n<td><a href=\"http:\/\/www.apx.de\" target=\"_blank\"> <b>Arch\u00e4ologischer Park Xanten<\/b><\/a><\/td>\n<td>Neben dem Dom ist der APX die Hauptsehensw\u00fcrdigkeit Xantens. Au\u00dferdem finden hier jedes Jahr im Sommer die Sommerfestspiele statt.<\/td>\n<\/tr>\n<tr>\n<td><a href=\"http:\/\/www.kriemhild-muehle.de\/\" target=\"_blank\"><strong>Kriemhildm\u00fchle Xanten<\/strong><\/a><\/td>\n<td>Die M\u00fchle auf der alten Stadtmauer Xantens arbeitet noch t\u00e4glich mit Windkraft, wenn der Wind es zul\u00e4sst. Sie kann besichtigt werden. F\u00fcr unsere dritten Klassen steht diese Besichtigung fest im Plan des Sachunterrichts.<\/td>\n<\/tr>\n<\/tbody>\n<\/table>\n<p><a name=\"Schulen\"><\/a><\/p>\n<table align=\"center\">\n<tbody>\n<tr>\n<td colspan=\"2\"  style=\"background-color: #ffdd77;\">\n<h3>Weiterf\u00fchrende Schulen in Xanten<\/h3>\n<\/td>\n<\/tr>\n<tr>\n<td><a href=\"http:\/\/www.marienschule-xanten.de\/\" target=\"_blank\">Marienschule<\/a><\/td>\n<td>Private M\u00e4dchenrealschule in Xanten<\/td>\n<\/tr>\n<tr>\n<td><a href=\"http:\/\/www.ssgxanten.de\" target=\"_blank\">Stiftsgymnasium Xanten<\/a><\/td>\n<td>Das Gymnasium in Xanten<\/td>\n<\/tr>\n<tr>\n<td><a href=\"http:\/\/www.gesamtschule-xanten-sonsbeck.de\/\" target=\"_blank\">Gesamtschule Xanten-Sonsbeck<\/a><\/td>\n<td>Die neu gebildete Gesamtschule<\/td>\n<\/tr>\n<\/tbody>\n<\/table>\n","protected":false},"excerpt":{"rendered":"<p>Es gibt unendlich viele Internetseiten, die es wert w\u00e4ren, genannt und empfohlen zu werden. Wir k\u00f6nnen und wollen nur eine Auswahl daraus vorstellen und beschr\u00e4nken uns auf einige Seiten aus der lokalen Umgebung Xantens sowie eine subjektive Auswahl an Internetseiten zum Thema Lernen &#8211; Wissen &#8211; Bildung. Unsere Link-Liste weist vier Bereiche auf: Internetseiten f\u00fcr &hellip; <a href=\"http:\/\/web4966.greatnet-hosting.de\/hks\/internet-links\/\" class=\"more-link\"><span class=\"screen-reader-text\">Internet-Links<\/span> weiterlesen <span class=\"meta-nav\">&rarr;<\/span><\/a><\/p>\n","protected":false},"author":1,"featured_media":0,"parent":0,"menu_order":0,"comment_status":"closed","ping_status":"closed","template":"","meta":[],"_links":{"self":[{"href":"http:\/\/web4966.greatnet-hosting.de\/hks\/wp-json\/wp\/v2\/pages\/37"}],"collection":[{"href":"http:\/\/web4966.greatnet-hosting.de\/hks\/wp-json\/wp\/v2\/pages"}],"about":[{"href":"http:\/\/web4966.greatnet-hosting.de\/hks\/wp-json\/wp\/v2\/types\/page"}],"author":[{"embeddable":true,"href":"http:\/\/web4966.greatnet-hosting.de\/hks\/wp-json\/wp\/v2\/users\/1"}],"replies":[{"embeddable":true,"href":"http:\/\/web4966.greatnet-hosting.de\/hks\/wp-json\/wp\/v2\/comments?post=37"}],"version-history":[{"count":8,"href":"http:\/\/web4966.greatnet-hosting.de\/hks\/wp-json\/wp\/v2\/pages\/37\/revisions"}],"predecessor-version":[{"id":2955,"href":"http:\/\/web4966.greatnet-hosting.de\/hks\/wp-json\/wp\/v2\/pages\/37\/revisions\/2955"}],"wp:attachment":[{"href":"http:\/\/web4966.greatnet-hosting.de\/hks\/wp-json\/wp\/v2\/media?parent=37"}],"curies":[{"name":"wp","href":"https:\/\/api.w.org\/{rel}","templated":true}]}}