{"id":47,"date":"2015-04-16T12:29:49","date_gmt":"2015-04-16T10:29:49","guid":{"rendered":"http:\/\/www.hagelkreuzschule.de\/?page_id=47"},"modified":"2025-10-28T13:12:54","modified_gmt":"2025-10-28T12:12:54","slug":"team","status":"publish","type":"page","link":"http:\/\/web4966.greatnet-hosting.de\/hks\/team\/","title":{"rendered":"Team"},"content":{"rendered":"<p>&nbsp;<\/p>\n<table>\n<tbody>\n<tr>\n<td colspan=\"2\">\n<h3>Hier finden Sie alle Mitarbeiterinnen und Mitarbeiter unserer Schule.<\/h3>\n<p>Das sind<br \/>\n<a href=\"#lehrerinnen\">die Lehrerinnen \u279a<\/a><br \/>\n<a href=\"#verwaltung\">die Kr\u00e4fte der Verwaltung \u279a<\/a> sowie<br \/>\n<a href=\"#betreuung\">die Erzieherinnen und Betreuungskr\u00e4fte \u279a<\/a><br \/>\nder Angebote &#8222;8-1&#8220; und OGS. Au\u00dferdem haben wir immer wieder Praktikantinnen, Referendarinnen und Betreuungskr\u00e4fte f\u00fcr Integrationskinder im Haus.<a name=\"topp\"><\/a><\/td>\n<\/tr>\n<tr>\n<td style=\"background-color: #ffdd77;\" colspan=\"2\">\n<h3>Die Lehrerinnen und Lehrer<\/h3>\n<p><a name=\"topp\"><\/a><a name=\"lehrerinnen\"><\/a><\/td>\n<\/tr>\n<tr>\n<td width=\"120px\"><img loading=\"lazy\" class=\"alignnone size-medium wp-image-9565\" src=\"http:\/\/web4966.greatnet-hosting.de\/hks\/wp-content\/uploads\/2015\/04\/DSC_0207-2-283x300.jpg\" alt=\"DSC_0207 (2)\" width=\"197\" height=\"300\" \/><\/td>\n<td><strong>Daniela Hommen<\/strong>\u00a0 Schulleiterin<br \/>\nist seit 2013 an der Hagelkreuzschule und selbst hier in L\u00fcttingen zur Schule gegangen. Seit 2017 ist sie die neue Schulleiterin. In ihrer Freizeit liest sie gerne spannende B\u00fccher, verreist mit ihrer Familie oder werkelt. Ihre Lieblingsf\u00e4cher sind Deutsch, Musik, Religion und Kunst.<\/td>\n<\/tr>\n<tr>\n<td><img loading=\"lazy\" class=\"alignnone size-medium wp-image-9566\" src=\"http:\/\/web4966.greatnet-hosting.de\/hks\/wp-content\/uploads\/2015\/04\/DSC_0204-255x300.jpg\" alt=\"DSC_0204\" width=\"255\" height=\"300\" srcset=\"http:\/\/web4966.greatnet-hosting.de\/hks\/wp-content\/uploads\/2015\/04\/DSC_0204-255x300.jpg 255w, http:\/\/web4966.greatnet-hosting.de\/hks\/wp-content\/uploads\/2015\/04\/DSC_0204-462x544.jpg 462w, http:\/\/web4966.greatnet-hosting.de\/hks\/wp-content\/uploads\/2015\/04\/DSC_0204.jpg 680w\" sizes=\"(max-width: 255px) 100vw, 255px\" \/><\/td>\n<td><b>Astrid Eckers <\/b>Konrektorin<br \/>\nist seit 2003 an der Hagelkreuzschule\u00a0 und seit 2018 Konrektorin. Sie wohnt mit ihrer Familie in der Beek. Ihre Lieblingsf\u00e4cher sind Sachunterricht und Englisch. Ihre Hobbies sind fotografieren und lesen. Auch im Garten entspannt sie gerne und k\u00fcmmert sich um ihre Katzen und Meerschweinchen. Sie ist die Klassenlehrerin der Klasse 3a.<\/td>\n<\/tr>\n<tr>\n<td><img loading=\"lazy\" class=\"alignleft size-full wp-image-12739\" src=\"http:\/\/web4966.greatnet-hosting.de\/hks\/wp-content\/uploads\/2015\/04\/IMG-20200911-WA0015.jpg\" alt=\"IMG-20200911-WA0015\" width=\"1200\" height=\"1600\" srcset=\"http:\/\/web4966.greatnet-hosting.de\/hks\/wp-content\/uploads\/2015\/04\/IMG-20200911-WA0015.jpg 1200w, http:\/\/web4966.greatnet-hosting.de\/hks\/wp-content\/uploads\/2015\/04\/IMG-20200911-WA0015-225x300.jpg 225w, http:\/\/web4966.greatnet-hosting.de\/hks\/wp-content\/uploads\/2015\/04\/IMG-20200911-WA0015-768x1024.jpg 768w, http:\/\/web4966.greatnet-hosting.de\/hks\/wp-content\/uploads\/2015\/04\/IMG-20200911-WA0015-408x544.jpg 408w\" sizes=\"(max-width: 1200px) 100vw, 1200px\" \/><\/td>\n<td><b>Birgit Riedel<\/b> Lehrerin<br \/>\ngeh\u00f6rt seit 1999 zum Lehrerkollegium in L\u00fcttingen. Sie wurde in Geldern geboren. Nun wohnt sie in Sonsbeck. Ihre Lieblingsf\u00e4cher sind Sprache und Musik. Ihr Hobby ist Lesen. Sie unterrichtet die Klasse 1b .<a href=\"#topp\">\u25b2 oben<\/a><\/td>\n<\/tr>\n<tr>\n<td><img loading=\"lazy\" class=\"alignleft size-full wp-image-12733\" src=\"http:\/\/web4966.greatnet-hosting.de\/hks\/wp-content\/uploads\/2015\/04\/IMG-20200911-WA0014.jpg\" alt=\"IMG-20200911-WA0014\" width=\"1200\" height=\"1600\" srcset=\"http:\/\/web4966.greatnet-hosting.de\/hks\/wp-content\/uploads\/2015\/04\/IMG-20200911-WA0014.jpg 1200w, http:\/\/web4966.greatnet-hosting.de\/hks\/wp-content\/uploads\/2015\/04\/IMG-20200911-WA0014-225x300.jpg 225w, http:\/\/web4966.greatnet-hosting.de\/hks\/wp-content\/uploads\/2015\/04\/IMG-20200911-WA0014-768x1024.jpg 768w, http:\/\/web4966.greatnet-hosting.de\/hks\/wp-content\/uploads\/2015\/04\/IMG-20200911-WA0014-408x544.jpg 408w\" sizes=\"(max-width: 1200px) 100vw, 1200px\" \/><\/td>\n<td><b>Dagmar Schmithuysen<\/b> Lehrerin<br \/>\nwohnt seit 2000 in L\u00fcttingen und ist seit 2003 an unserer Schule. W\u00e4hrend ihrer Freizeit wird sie meist von ihren beiden Kindern auf Trab gehalten. Ihre Hobbys sind Lesen, Rad fahren und Reisen. Ihr Lieblingsfach ist Deutsch (Sprache). Sie unterrichtet die Klasse 2a.<\/td>\n<\/tr>\n<tr>\n<td><img loading=\"lazy\" class=\"alignleft size-full wp-image-12734\" src=\"http:\/\/web4966.greatnet-hosting.de\/hks\/wp-content\/uploads\/2015\/04\/IMG-20200911-WA0012.jpg\" alt=\"IMG-20200911-WA0012\" width=\"1235\" height=\"1600\" srcset=\"http:\/\/web4966.greatnet-hosting.de\/hks\/wp-content\/uploads\/2015\/04\/IMG-20200911-WA0012.jpg 1235w, http:\/\/web4966.greatnet-hosting.de\/hks\/wp-content\/uploads\/2015\/04\/IMG-20200911-WA0012-232x300.jpg 232w, http:\/\/web4966.greatnet-hosting.de\/hks\/wp-content\/uploads\/2015\/04\/IMG-20200911-WA0012-768x995.jpg 768w, http:\/\/web4966.greatnet-hosting.de\/hks\/wp-content\/uploads\/2015\/04\/IMG-20200911-WA0012-420x544.jpg 420w\" sizes=\"(max-width: 1235px) 100vw, 1235px\" \/><\/td>\n<td><b>Susanne Rennings<\/b> Lehrerin<br \/>\ngeh\u00f6rt seit 2012 zum Lehrerkollegium der Hagelkreuzschule und unterrichtet die Kinder der Klasse 1c. Sie wohnt in Birten und genie\u00dft dort mit ihrer Familie gerne die Natur mit dem Fahrrad, den Inline Skates oder zu Fu\u00df. Ihre eigenen Lieblingsf\u00e4cher waren Deutsch, Englisch, Biologie, Religion und Sport.<\/td>\n<\/tr>\n<tr>\n<td><\/td>\n<td><\/td>\n<\/tr>\n<tr>\n<td><img loading=\"lazy\" class=\"alignleft size-full wp-image-12735\" src=\"http:\/\/web4966.greatnet-hosting.de\/hks\/wp-content\/uploads\/2015\/04\/IMG-20200911-WA0013.jpg\" alt=\"IMG-20200911-WA0013\" width=\"900\" height=\"1600\" srcset=\"http:\/\/web4966.greatnet-hosting.de\/hks\/wp-content\/uploads\/2015\/04\/IMG-20200911-WA0013.jpg 900w, http:\/\/web4966.greatnet-hosting.de\/hks\/wp-content\/uploads\/2015\/04\/IMG-20200911-WA0013-169x300.jpg 169w, http:\/\/web4966.greatnet-hosting.de\/hks\/wp-content\/uploads\/2015\/04\/IMG-20200911-WA0013-768x1365.jpg 768w, http:\/\/web4966.greatnet-hosting.de\/hks\/wp-content\/uploads\/2015\/04\/IMG-20200911-WA0013-306x544.jpg 306w\" sizes=\"(max-width: 900px) 100vw, 900px\" \/><\/td>\n<td><b>Birte Lemm <\/b>Lehrerin<br \/>\nist seit dem Sommer 2015 an der Schule und unterrichtet als Lehrerin die Klasse 2b.\u00a0 Sie lebt mit ihrer Familie in Xanten. Ihre Freizeit verbringt sie am liebsten mit ihren Kindern, auf dem Fahrrad und sie liest gerne. In der Schule unterrichtet sie besonders gerne Sport, Sachunterricht und Kunst.<\/td>\n<\/tr>\n<tr>\n<td><img loading=\"lazy\" class=\"alignleft size-thumbnail wp-image-14580\" src=\"http:\/\/web4966.greatnet-hosting.de\/hks\/wp-content\/uploads\/2022\/06\/IMG-20200911-WA0018-150x150.jpg\" alt=\"\" width=\"150\" height=\"150\" \/><\/td>\n<td><b>Mareile M\u00fcller<\/b> Sonderp\u00e4dagogin<br \/>\nerg\u00e4nzt das multiprofessionelle Team der GGS L\u00fcttingen seit dem Sommer 2015 als Sonderp\u00e4dagogin. Zu ihren Aufgaben z\u00e4hlen unter anderem die F\u00f6rderung von Sch\u00fclerinnen und Sch\u00fclern mit sonderp\u00e4dagogischem Unterst\u00fctzungsbedarf; Beratung der Kollegen; Beratung von Eltern; Erstellung von F\u00f6rderpl\u00e4nen usw.. Sie kommt geb\u00fcrtig aus Xanten. In ihrer Freizeit spielt sie gerne Gesellschaftsspiele, trifft sich mit Freunden, liest gute B\u00fccher und verreist, wann immer sie Zeit hat.<\/td>\n<\/tr>\n<tr>\n<td><img loading=\"lazy\" class=\"aligncenter size-full wp-image-3462\" src=\"http:\/\/web4966.greatnet-hosting.de\/hks\/wp-content\/uploads\/2016\/11\/15_04_KatharinaASturm.jpg\" alt=\"15_04_katharinaasturm\" width=\"120\" height=\"160\" \/><\/td>\n<td><strong>Katharina Alexandra Sturm <\/strong>Lehrerin<strong><br \/>\n<\/strong>geh\u00f6rt seit Februar 2017 als Lehrerin fest zum Kollegium und f\u00fchrt seit diesem Schuljahr die Klasse 4b, die Eulen. Ihre Lieblingsf\u00e4cher sind Sport, Sachunterricht und Deutsch. Ihre Freizeit verbringt sie am liebsten sportlich, aber gern auch mit B\u00fcchern oder in der K\u00fcche.<\/td>\n<\/tr>\n<tr>\n<td><img loading=\"lazy\" class=\"alignleft size-thumbnail wp-image-14581\" src=\"http:\/\/web4966.greatnet-hosting.de\/hks\/wp-content\/uploads\/2022\/06\/IMG-20200911-WA0016-150x150.jpg\" alt=\"\" width=\"150\" height=\"150\" \/><\/td>\n<td style=\"text-align: justify;\"><strong>Janin Kalkwarf-Berns <\/strong>Lehrerin<br \/>\narbeitet seit Mai 2017 fest an der Hagelkreuzschule in L\u00fcttingen. Sie wohnt in Rees-Haldern. In ihrer Freizeit leitet sie eine Psychomotorik- und Eltern-Kind-Turngruppe sowie drei Kinder-Tanzgruppen. Janin Kalkwarf-Berns reist gerne und f\u00e4hrt gerne mit dem Rad. Ihre Lieblingsf\u00e4cher sind Deutsch, Katholische Religion, Kunst und Sport. <strong><a href=\"#topp\">\u25b2 oben<\/a><\/strong><\/td>\n<\/tr>\n<tr>\n<td><img loading=\"lazy\" class=\"alignleft size-full wp-image-12732\" src=\"http:\/\/web4966.greatnet-hosting.de\/hks\/wp-content\/uploads\/2015\/04\/IMG-20200911-WA0017.jpg\" alt=\"IMG-20200911-WA0017\" width=\"768\" height=\"1024\" srcset=\"http:\/\/web4966.greatnet-hosting.de\/hks\/wp-content\/uploads\/2015\/04\/IMG-20200911-WA0017.jpg 768w, http:\/\/web4966.greatnet-hosting.de\/hks\/wp-content\/uploads\/2015\/04\/IMG-20200911-WA0017-225x300.jpg 225w, http:\/\/web4966.greatnet-hosting.de\/hks\/wp-content\/uploads\/2015\/04\/IMG-20200911-WA0017-408x544.jpg 408w\" sizes=\"(max-width: 768px) 100vw, 768px\" \/><\/td>\n<td><strong>Sarah de Klein <\/strong>Lehrerin<\/p>\n<p>unterrichtet die Klasse 3c.<\/td>\n<\/tr>\n<tr>\n<td><img loading=\"lazy\" class=\"alignleft size-full wp-image-12736\" src=\"http:\/\/web4966.greatnet-hosting.de\/hks\/wp-content\/uploads\/2015\/04\/IMG-20200911-WA0011.jpg\" alt=\"IMG-20200911-WA0011\" width=\"500\" height=\"588\" srcset=\"http:\/\/web4966.greatnet-hosting.de\/hks\/wp-content\/uploads\/2015\/04\/IMG-20200911-WA0011.jpg 500w, http:\/\/web4966.greatnet-hosting.de\/hks\/wp-content\/uploads\/2015\/04\/IMG-20200911-WA0011-255x300.jpg 255w, http:\/\/web4966.greatnet-hosting.de\/hks\/wp-content\/uploads\/2015\/04\/IMG-20200911-WA0011-463x544.jpg 463w\" sizes=\"(max-width: 500px) 100vw, 500px\" \/><\/td>\n<td>\u00a0<strong>Sabine D\u00fcckers <\/strong>Lehrerin<br \/>\ngeh\u00f6rt seit 2019 zum Lehrerteam und wird von allen Frau D\u00fccki genannt. Ihre Lieblingsf\u00e4cher sind Sachunterricht und Schwimmen. In ihrer Freizeit segelt sie gerne mit ihrer Familie und Freunden \u00fcber die Xantener Nordsee. Zuhause trifft man sie gerne in ihrem Garten zwischen Blumen und Gem\u00fcse an. Deswegen sind ihre Bienchen aus der 1a ihr auch so wichtig.<\/td>\n<\/tr>\n<tr>\n<td><img loading=\"lazy\" class=\"alignleft size-full wp-image-12738\" src=\"http:\/\/web4966.greatnet-hosting.de\/hks\/wp-content\/uploads\/2015\/04\/IMG-20200911-WA0008.jpg\" alt=\"IMG-20200911-WA0008\" width=\"1375\" height=\"1600\" srcset=\"http:\/\/web4966.greatnet-hosting.de\/hks\/wp-content\/uploads\/2015\/04\/IMG-20200911-WA0008.jpg 1375w, http:\/\/web4966.greatnet-hosting.de\/hks\/wp-content\/uploads\/2015\/04\/IMG-20200911-WA0008-258x300.jpg 258w, http:\/\/web4966.greatnet-hosting.de\/hks\/wp-content\/uploads\/2015\/04\/IMG-20200911-WA0008-768x894.jpg 768w, http:\/\/web4966.greatnet-hosting.de\/hks\/wp-content\/uploads\/2015\/04\/IMG-20200911-WA0008-468x544.jpg 468w\" sizes=\"(max-width: 1375px) 100vw, 1375px\" \/><\/td>\n<td><strong>Katrin Loos\u00a0<\/strong>Lehrerin<strong><br \/>\n<\/strong>unterrichtet seit Februar 2020 als Lehrerin an der Hagelkreuzschule und f\u00fchrt\u00a0 die Klasse 1c.<\/td>\n<\/tr>\n<tr>\n<td><img loading=\"lazy\" class=\"alignleft size-medium wp-image-15412\" src=\"http:\/\/web4966.greatnet-hosting.de\/hks\/wp-content\/uploads\/2023\/01\/IMG_0405_mod-256x300.jpg\" alt=\"\" width=\"256\" height=\"300\" srcset=\"http:\/\/web4966.greatnet-hosting.de\/hks\/wp-content\/uploads\/2023\/01\/IMG_0405_mod-256x300.jpg 256w, http:\/\/web4966.greatnet-hosting.de\/hks\/wp-content\/uploads\/2023\/01\/IMG_0405_mod-464x544.jpg 464w, http:\/\/web4966.greatnet-hosting.de\/hks\/wp-content\/uploads\/2023\/01\/IMG_0405_mod-768x900.jpg 768w, http:\/\/web4966.greatnet-hosting.de\/hks\/wp-content\/uploads\/2023\/01\/IMG_0405_mod-1311x1536.jpg 1311w, http:\/\/web4966.greatnet-hosting.de\/hks\/wp-content\/uploads\/2023\/01\/IMG_0405_mod.jpg 1420w\" sizes=\"(max-width: 256px) 100vw, 256px\" \/><\/td>\n<td><strong>\u00a0<\/strong><strong>Svenja H\u00e4fner <\/strong>Lehrerin<strong><br \/>\n<\/strong>geh\u00f6rt seit 2021 zum Lehrerkollegium der Hagelkreuzschule. Sie wohnt mit ihrer Familie in der Beek. Sie verbringt gerne viel Zeit mit Ihrer Familie und ihre Hobbies sind Musik h\u00f6ren und machen, lesen, Rad fahren und viel von der Welt zu sehen. Besonders gerne mag sie die F\u00e4cher Deutsch und Englisch.<\/td>\n<\/tr>\n<tr>\n<td><img loading=\"lazy\" class=\"alignleft size-medium wp-image-15418\" src=\"http:\/\/web4966.greatnet-hosting.de\/hks\/wp-content\/uploads\/2023\/02\/IMG-20230205-WA0001-280x300.jpg\" alt=\"\" width=\"280\" height=\"300\" srcset=\"http:\/\/web4966.greatnet-hosting.de\/hks\/wp-content\/uploads\/2023\/02\/IMG-20230205-WA0001-280x300.jpg 280w, http:\/\/web4966.greatnet-hosting.de\/hks\/wp-content\/uploads\/2023\/02\/IMG-20230205-WA0001-508x544.jpg 508w, http:\/\/web4966.greatnet-hosting.de\/hks\/wp-content\/uploads\/2023\/02\/IMG-20230205-WA0001.jpg 524w\" sizes=\"(max-width: 280px) 100vw, 280px\" \/><\/td>\n<td><strong>Ulrike Kleinmanns <\/strong>Sozialp\u00e4dagogin<br \/>\narbeitet seit 2022 gemeinsam mit ihrer ausgebildeten Therapiebegleith\u00fcndin Sidney und kreativen Methoden als Sozialp\u00e4dagogin an der Hagelkreuzschule. In ihrer Freizeit engagiert sich die dreifache Mutter aus Marienbaum ehrenamtlich in einem Umweltschutzverein. Ihr Lieblingsfach war Kunst.<\/td>\n<\/tr>\n<tr>\n<td><img loading=\"lazy\" class=\"alignleft size-medium wp-image-14990\" src=\"http:\/\/web4966.greatnet-hosting.de\/hks\/wp-content\/uploads\/2022\/08\/IMG-20220827-WA0000-162x300.jpg\" alt=\"\" width=\"162\" height=\"300\" srcset=\"http:\/\/web4966.greatnet-hosting.de\/hks\/wp-content\/uploads\/2022\/08\/IMG-20220827-WA0000-162x300.jpg 162w, http:\/\/web4966.greatnet-hosting.de\/hks\/wp-content\/uploads\/2022\/08\/IMG-20220827-WA0000-293x544.jpg 293w, http:\/\/web4966.greatnet-hosting.de\/hks\/wp-content\/uploads\/2022\/08\/IMG-20220827-WA0000-768x1426.jpg 768w, http:\/\/web4966.greatnet-hosting.de\/hks\/wp-content\/uploads\/2022\/08\/IMG-20220827-WA0000-828x1536.jpg 828w, http:\/\/web4966.greatnet-hosting.de\/hks\/wp-content\/uploads\/2022\/08\/IMG-20220827-WA0000.jpg 862w\" sizes=\"(max-width: 162px) 100vw, 162px\" \/><\/td>\n<td><strong>\u00a0 <\/strong><strong style=\"font-family: inherit; font-size: inherit;\">Anne-Rose Uebel <\/strong><span style=\"font-family: inherit; font-size: inherit;\">Lehrerin<\/span><br \/>\ngeh\u00f6rt seit 2022 zum Lehrerkollegium der Hagelkreuzschule und unterrichtet die Kinder der Klasse 4c. Sie wohnt mit ihrer Familie in L\u00fcttingen und wird von ihren drei S\u00f6hnen stets auf Trab gehalten. Sie ist gerne mit dem Fahrrad unterwegs und unternimmt viel an der frischen Luft. Ihre Lieblingsf\u00e4cher sind Mathe, Kunst, Sport und Englisch.<strong><br \/>\n<\/strong><\/td>\n<\/tr>\n<tr>\n<td><img loading=\"lazy\" class=\"wp-image-15417 aligncenter\" src=\"http:\/\/web4966.greatnet-hosting.de\/hks\/wp-content\/uploads\/2023\/02\/MicrosoftTeams-image-180x300.jpg\" alt=\"\" width=\"97\" height=\"162\" srcset=\"http:\/\/web4966.greatnet-hosting.de\/hks\/wp-content\/uploads\/2023\/02\/MicrosoftTeams-image-180x300.jpg 180w, http:\/\/web4966.greatnet-hosting.de\/hks\/wp-content\/uploads\/2023\/02\/MicrosoftTeams-image-327x544.jpg 327w, http:\/\/web4966.greatnet-hosting.de\/hks\/wp-content\/uploads\/2023\/02\/MicrosoftTeams-image-768x1279.jpg 768w, http:\/\/web4966.greatnet-hosting.de\/hks\/wp-content\/uploads\/2023\/02\/MicrosoftTeams-image.jpg 828w\" sizes=\"(max-width: 97px) 100vw, 97px\" \/><\/td>\n<td><strong>Laura Cuppok\u00a0 <\/strong>Lehrerin<br \/>\n<span class=\"ui-provider un b c d e f g h i j k l m n o p q r s t u v w x y z ab ac ae af ag ah ai aj ak\" dir=\"ltr\">geh\u00f6rt seit 2022 zum Kollegium der Hagelkreuzschule und unterrichtet die Flederm\u00e4use der 4a. In ihrer Freizeit f\u00e4hrt sie Inliner, geht schwimmen oder liest spannende B\u00fccher. Besonders gerne unterrichtet sie Deutsch, Mathematik und Religion.<\/span><\/td>\n<\/tr>\n<tr>\n<td><\/td>\n<td><strong>Shirin van Elten<\/strong><\/td>\n<\/tr>\n<tr>\n<td><\/td>\n<td><strong>Julia Kannegieter<\/strong><\/td>\n<\/tr>\n<tr>\n<td><\/td>\n<td><strong>Julia Hochstrate<\/strong><\/td>\n<\/tr>\n<tr>\n<td><img loading=\"lazy\" class=\"alignleft size-medium wp-image-15419\" src=\"http:\/\/web4966.greatnet-hosting.de\/hks\/wp-content\/uploads\/2023\/02\/IMG-20230205-WA0003-300x300.jpg\" alt=\"\" width=\"300\" height=\"300\" srcset=\"http:\/\/web4966.greatnet-hosting.de\/hks\/wp-content\/uploads\/2023\/02\/IMG-20230205-WA0003-300x300.jpg 300w, http:\/\/web4966.greatnet-hosting.de\/hks\/wp-content\/uploads\/2023\/02\/IMG-20230205-WA0003-544x544.jpg 544w, http:\/\/web4966.greatnet-hosting.de\/hks\/wp-content\/uploads\/2023\/02\/IMG-20230205-WA0003-150x150.jpg 150w, http:\/\/web4966.greatnet-hosting.de\/hks\/wp-content\/uploads\/2023\/02\/IMG-20230205-WA0003-768x768.jpg 768w, http:\/\/web4966.greatnet-hosting.de\/hks\/wp-content\/uploads\/2023\/02\/IMG-20230205-WA0003.jpg 1080w\" sizes=\"(max-width: 300px) 100vw, 300px\" \/><\/td>\n<td><strong>Sidney<\/strong><br \/>\nDie ausgebildete Therapiebegleith\u00fcndin Sidney unterst\u00fctzt an manchen Tagen unsere Sozialp\u00e4dagogin. In den Kleingruppen bringt sie zum Beispiel den Kindern gerne das Arbeitsmaterial in Baumwolltaschen oder w\u00fcrfelt mit den Kindern Mathematikaufgaben.<\/td>\n<\/tr>\n<tr>\n<td style=\"background-color: #ffdd77;\" colspan=\"2\">\n<h3>Die Verwaltung<\/h3>\n<p><a name=\"verwaltung\"><\/a><\/td>\n<\/tr>\n<tr>\n<td><img loading=\"lazy\" class=\"alignleft size-medium wp-image-15603\" src=\"http:\/\/web4966.greatnet-hosting.de\/hks\/wp-content\/uploads\/2023\/03\/IMG-20230316-WA0006-221x300.jpg\" alt=\"\" width=\"221\" height=\"300\" srcset=\"http:\/\/web4966.greatnet-hosting.de\/hks\/wp-content\/uploads\/2023\/03\/IMG-20230316-WA0006-221x300.jpg 221w, http:\/\/web4966.greatnet-hosting.de\/hks\/wp-content\/uploads\/2023\/03\/IMG-20230316-WA0006.jpg 288w\" sizes=\"(max-width: 221px) 100vw, 221px\" \/><\/td>\n<td><b>Doris Gasseling<\/b>\u00a0Sekret\u00e4rin<br \/>\nund f\u00fcr alle Verwaltungsarbeiten unserer Betreuungsangebote zust\u00e4ndig. Sie arbeitet seit 2004 an unserer Schule und wohnt in L\u00fcttingen. In ihrer Freizeit ist sie oft mit dem Fahrrad unterwegs, kocht f\u00fcr Familie und Freunde, treibt Sport und verreist sehr gerne.<\/td>\n<\/tr>\n<tr>\n<td><\/td>\n<td><strong>Markus <\/strong>Hausmeister<\/td>\n<\/tr>\n<tr>\n<td style=\"background-color: #ffdd77;\" colspan=\"2\">\n<h3>Die Erzieherinnen und Mitarbeiter der Betreuung<\/h3>\n<p><a name=\"betreuung\"><\/a><\/td>\n<\/tr>\n<tr>\n<td><img loading=\"lazy\" class=\"alignnone size-medium wp-image-6873\" src=\"http:\/\/web4966.greatnet-hosting.de\/hks\/wp-content\/uploads\/2015\/04\/IMG-20170919-WA0004-180x300.jpg\" alt=\"IMG-20170919-WA0004\" width=\"180\" height=\"300\" srcset=\"http:\/\/web4966.greatnet-hosting.de\/hks\/wp-content\/uploads\/2015\/04\/IMG-20170919-WA0004-180x300.jpg 180w, http:\/\/web4966.greatnet-hosting.de\/hks\/wp-content\/uploads\/2015\/04\/IMG-20170919-WA0004-327x544.jpg 327w, http:\/\/web4966.greatnet-hosting.de\/hks\/wp-content\/uploads\/2015\/04\/IMG-20170919-WA0004.jpg 481w\" sizes=\"(max-width: 180px) 100vw, 180px\" \/><\/td>\n<td><strong>Martina Nickenich <\/strong>OGS<\/p>\n<p>Ich bin seit 2014 mit einer kurzen Unterbrechung im Betreuungsteam t\u00e4tig. Die Arbeit mit den Kindern ist sehr abwechslungsreich. Seit dem Fr\u00fchling 2022 habe ich die Leitung der Betreuung. Es macht sehr viel Spa\u00df, weil ich ein super motiviertes Team an meiner Seite habe.<strong><br \/>\n<\/strong><a href=\"#topp\">\u25b2 oben<\/a><\/td>\n<\/tr>\n<tr>\n<td><img loading=\"lazy\" class=\"alignnone size-full wp-image-5342\" src=\"http:\/\/web4966.greatnet-hosting.de\/hks\/wp-content\/uploads\/2017\/01\/DSCF8831.jpg\" alt=\"DSCF8831\" width=\"120\" height=\"150\" \/><\/td>\n<td><b>Christel R\u00f6sen<\/b> OGS<br \/>\nChristel R\u00f6sen ist seit dem Sommer 2012 Mitglied des Betreungsteams in der OGS. Sie wurde in L\u00fcttingen geboren und wohnt dort auch mit ihrer Familie. Als ausgebildete Erzieherin liebt sie die Arbeit mit Kindern. In ihrer Freizeit besch\u00e4ftigt sie sich gerne mit Blumen und liest viel.<\/td>\n<\/tr>\n<tr>\n<td><img loading=\"lazy\" class=\"alignleft size-medium wp-image-15384\" src=\"http:\/\/web4966.greatnet-hosting.de\/hks\/wp-content\/uploads\/2023\/01\/IMG-20220930-WA0016-225x300.jpg\" alt=\"\" width=\"225\" height=\"300\" srcset=\"http:\/\/web4966.greatnet-hosting.de\/hks\/wp-content\/uploads\/2023\/01\/IMG-20220930-WA0016-225x300.jpg 225w, http:\/\/web4966.greatnet-hosting.de\/hks\/wp-content\/uploads\/2023\/01\/IMG-20220930-WA0016-408x544.jpg 408w, http:\/\/web4966.greatnet-hosting.de\/hks\/wp-content\/uploads\/2023\/01\/IMG-20220930-WA0016-768x1024.jpg 768w, http:\/\/web4966.greatnet-hosting.de\/hks\/wp-content\/uploads\/2023\/01\/IMG-20220930-WA0016-1152x1536.jpg 1152w, http:\/\/web4966.greatnet-hosting.de\/hks\/wp-content\/uploads\/2023\/01\/IMG-20220930-WA0016.jpg 1200w\" sizes=\"(max-width: 225px) 100vw, 225px\" \/><\/td>\n<td><strong>Lidia Heisler<\/strong> OGS<br \/>\nist seit dem <span style=\"font-family: inherit; font-size: inherit;\">Herbst<\/span><span style=\"font-family: inherit; font-size: inherit;\">\u00a0<\/span><span style=\"font-family: inherit; font-size: inherit;\">2021 Mitglied des Betreuungsteams in der OGS. Sie wohnt in Xanten und hat zwei Kinder, die auch die Hagelkreuzschule besucht haben. Lidia ist kreativ, spontan und liebt die Natur. F\u00fcr die Kinder nimmt sie sich immer Zeit.\u00a0<\/span><\/td>\n<\/tr>\n<tr>\n<td><img loading=\"lazy\" class=\"alignleft size-medium wp-image-15385\" src=\"http:\/\/web4966.greatnet-hosting.de\/hks\/wp-content\/uploads\/2023\/01\/IMG-20220930-WA0011-225x300.jpg\" alt=\"\" width=\"225\" height=\"300\" srcset=\"http:\/\/web4966.greatnet-hosting.de\/hks\/wp-content\/uploads\/2023\/01\/IMG-20220930-WA0011-225x300.jpg 225w, http:\/\/web4966.greatnet-hosting.de\/hks\/wp-content\/uploads\/2023\/01\/IMG-20220930-WA0011-408x544.jpg 408w, http:\/\/web4966.greatnet-hosting.de\/hks\/wp-content\/uploads\/2023\/01\/IMG-20220930-WA0011-768x1024.jpg 768w, http:\/\/web4966.greatnet-hosting.de\/hks\/wp-content\/uploads\/2023\/01\/IMG-20220930-WA0011-1152x1536.jpg 1152w, http:\/\/web4966.greatnet-hosting.de\/hks\/wp-content\/uploads\/2023\/01\/IMG-20220930-WA0011.jpg 1200w\" sizes=\"(max-width: 225px) 100vw, 225px\" \/><\/td>\n<td><strong>Judith Sch\u00f6nborn<\/strong> OGS<br \/>\nMein Name ist Judith Sch\u00f6nborn. Ich wohne seit 2017 in L\u00fcttingen und bin seit Oktober 2021 in der OGS t\u00e4tig. Die Betreuung der Kinder bereitet mir gro\u00dfe Freude. In meiner Freizeit gehe ich joggen und koche sehr gerne.<\/td>\n<\/tr>\n<tr>\n<td><img loading=\"lazy\" class=\"alignnone size-full wp-image-5347\" src=\"http:\/\/web4966.greatnet-hosting.de\/hks\/wp-content\/uploads\/2017\/01\/DSCF8839.jpg\" alt=\"DSCF8839\" width=\"120\" height=\"111\" \/><\/td>\n<td><b>Cindy Breuer<\/b>\u00a0OGS<br \/>\nist im Sauerland geboren und aufgewachsen, lebt aber seit 1997 in L\u00fcttingen. Seit 2008 ist sie in der OGS und betreut vorwiegend die Kinder bei den Hausaufgaben. Ihre Lieblingsf\u00e4cher waren fr\u00fcher Mathematik und Naturwissenschaften. Ihre Hobbies sind Schach und Lesen.<a href=\"#topp\">\u25b2 oben<\/a><\/td>\n<\/tr>\n<tr>\n<td><\/td>\n<td><strong>\u00a0Madeleine Friedrich <\/strong>Mitarbeiterin im Anerkennungsjahr<\/td>\n<\/tr>\n<tr>\n<td><\/td>\n<td>\u00a0<strong>Daria<\/strong> <strong>Sosedov\u00a0<\/strong> BFDlerin<\/td>\n<\/tr>\n<tr>\n<td><\/td>\n<td><span style=\"font-family: inherit; font-size: inherit;\"><strong>Ole<\/strong> <strong>Graff <\/strong>BFDler<\/span><b><br \/>\n<\/b><\/td>\n<\/tr>\n<tr>\n<td><\/td>\n<td><\/td>\n<\/tr>\n<tr>\n<td><\/td>\n<td><\/td>\n<\/tr>\n<tr>\n<td><img loading=\"lazy\" class=\"alignnone size-full wp-image-4973\" src=\"http:\/\/web4966.greatnet-hosting.de\/hks\/wp-content\/uploads\/2015\/04\/15_04_waschek.jpg\" alt=\"15_04_waschek\" width=\"120\" height=\"160\" \/><\/td>\n<td><b>Monika Waschheck<\/b> OGS<br \/>\nIch bin Monika Waschheck und wohne seit 2012 in L\u00fcttingen. Seit August 2014 geh\u00f6re ich zum K\u00fcchenteam der OGS. Die Betreuung der Kinder w\u00e4hrend des Mittagessens bereitet mir viel Freude. In meiner Freizeit reise ich gerne oder bin mit dem Rad unterwegs.<\/td>\n<\/tr>\n<tr>\n<td><\/td>\n<td>\u00a0<strong>Klara Hommen\u00a0<\/strong><\/td>\n<\/tr>\n<\/tbody>\n<tbody>\n<tr>\n<td><\/td>\n<td><\/td>\n<\/tr>\n<\/tbody>\n<tbody>\n<tr>\n<td><\/td>\n<td><\/td>\n<\/tr>\n<\/tbody>\n<tbody>\n<tr>\n<td><\/td>\n<td><\/td>\n<\/tr>\n<\/tbody>\n<\/table>\n","protected":false},"excerpt":{"rendered":"<p>&nbsp; Hier finden Sie alle Mitarbeiterinnen und Mitarbeiter unserer Schule. Das sind die Lehrerinnen \u279a die Kr\u00e4fte der Verwaltung \u279a sowie die Erzieherinnen und Betreuungskr\u00e4fte \u279a der Angebote &#8222;8-1&#8220; und OGS. Au\u00dferdem haben wir immer wieder Praktikantinnen, Referendarinnen und Betreuungskr\u00e4fte f\u00fcr Integrationskinder im Haus. Die Lehrerinnen und Lehrer Daniela Hommen\u00a0 Schulleiterin ist seit 2013 an &hellip; <a href=\"http:\/\/web4966.greatnet-hosting.de\/hks\/team\/\" class=\"more-link\"><span class=\"screen-reader-text\">Team<\/span> weiterlesen <span class=\"meta-nav\">&rarr;<\/span><\/a><\/p>\n","protected":false},"author":1,"featured_media":0,"parent":0,"menu_order":0,"comment_status":"closed","ping_status":"closed","template":"","meta":[],"_links":{"self":[{"href":"http:\/\/web4966.greatnet-hosting.de\/hks\/wp-json\/wp\/v2\/pages\/47"}],"collection":[{"href":"http:\/\/web4966.greatnet-hosting.de\/hks\/wp-json\/wp\/v2\/pages"}],"about":[{"href":"http:\/\/web4966.greatnet-hosting.de\/hks\/wp-json\/wp\/v2\/types\/page"}],"author":[{"embeddable":true,"href":"http:\/\/web4966.greatnet-hosting.de\/hks\/wp-json\/wp\/v2\/users\/1"}],"replies":[{"embeddable":true,"href":"http:\/\/web4966.greatnet-hosting.de\/hks\/wp-json\/wp\/v2\/comments?post=47"}],"version-history":[{"count":104,"href":"http:\/\/web4966.greatnet-hosting.de\/hks\/wp-json\/wp\/v2\/pages\/47\/revisions"}],"predecessor-version":[{"id":18675,"href":"http:\/\/web4966.greatnet-hosting.de\/hks\/wp-json\/wp\/v2\/pages\/47\/revisions\/18675"}],"wp:attachment":[{"href":"http:\/\/web4966.greatnet-hosting.de\/hks\/wp-json\/wp\/v2\/media?parent=47"}],"curies":[{"name":"wp","href":"https:\/\/api.w.org\/{rel}","templated":true}]}}