{"id":517,"date":"2015-05-08T14:54:14","date_gmt":"2015-05-08T12:54:14","guid":{"rendered":"http:\/\/www.hagelkreuzschule.de\/?page_id=517"},"modified":"2015-05-08T14:54:14","modified_gmt":"2015-05-08T12:54:14","slug":"elternarbeit","status":"publish","type":"page","link":"http:\/\/web4966.greatnet-hosting.de\/hks\/elternarbeit\/","title":{"rendered":"Elternarbeit"},"content":{"rendered":"<p><strong>Schulgremien<\/strong><br \/>\nDie Beteiligung der Eltern am Schulleben und der Kontakt zwischen Eltern und Lehrern sind wesentliche Elemente unserer Unterrichts- und Erziehungsarbeit, sowohl in den obligatorischen Mitwirkungsorganen der Klassenpflegschaften, der Schulpflegschaft und der Schulkonferenz, als auch dar\u00fcber hinaus im allgemeinen Schulleben.<\/p>\n<p><strong>Mitarbeit der Eltern an schulischen Vorhaben<\/strong><br \/>\nUnsere Sch\u00fclereltern beteiligen sich an der Organisation und Durchf\u00fchrung verschiedener schulischer Projekte: Mithilfe bei der Vorbereitung und der Durchf\u00fchrung der Radfahrpr\u00fcfung in den 4. Klassen; Begleitung und Unterst\u00fctzung der Lehrer bei Unterrichtsg\u00e4ngen, Wanderungen bzw. Ausfl\u00fcgen; Organisation und Mithilfe bei unseren Karnevalsz\u00fcgen, Projekttagen, Schulfesten, Martinsz\u00fcgen, Theaterbesuchen, Sportfesten, R\u00f6merlauf sowie beim Basteln und bei ersten Backversuchen.<\/p>\n<p><strong>Beratung<\/strong><br \/>\nDie Beratung beginnt schon mit Informationsabenden in den verschiedenen Kinderg\u00e4rten, bevor die Kinder in die Schule kommen.\u00a0Sie wird auch nach der vierj\u00e4hrigen Grundschulzeit fortgef\u00fchrt, indem wir GrundschullehrerInnen an den Erprobungstufenkonferenzen der weiterf\u00fchrenden Schulen teilnehmen. Dar\u00fcber hinaus findet w\u00e4hrend der Grundschulzeit eine st\u00e4ndige Beratung der Eltern in Form von Telefonaten und pers\u00f6nlichen Gespr\u00e4chen statt, sofern es erforderlich oder erw\u00fcnscht ist.<\/p>\n<p><strong>Elternbesuche im Unterricht<\/strong><br \/>\nNach vorheriger Anmeldung und Absprache mit den Lehrern sind Eltern im Unterricht herzlich willkommen.<\/p>\n<p><strong>F\u00f6rderverein<\/strong><br \/>\nUnser F\u00f6rderverein hat zur Zeit 200 Mitglieder. Durch Bereitstellung betr\u00e4chtlicher finanzieller Mittel f\u00fcr Anschaffungen von z.B. Ganzschriften, Computern, Trockenschr\u00e4nken, Paletti, vielen anderen Unterrichtsmedien und zur Einrichtung der Sch\u00fclerk\u00fcche usw. unterst\u00fctzt er die schulische Arbeit. Au\u00dferdem organisiert und finanziert er Feste und Veranstaltungen wie Schulfeste, Karnevalszug, Tage der offenen T\u00fcr, Nikolausbesuch in allen Klassen, Ausfl\u00fcge, Theaterbesuche, Klassenfahrten usw. F\u00fcr das Betreuungsangebot &#8222;Schule von 8 bis 1&#8220; hat er 1996, f\u00fcr den offenen Ganztag &#8222;OGS&#8220; 2007 die Tr\u00e4gerschaft \u00fcbernommen.<\/p>\n<p>&nbsp;<\/p>\n","protected":false},"excerpt":{"rendered":"<p>Schulgremien Die Beteiligung der Eltern am Schulleben und der Kontakt zwischen Eltern und Lehrern sind wesentliche Elemente unserer Unterrichts- und Erziehungsarbeit, sowohl in den obligatorischen Mitwirkungsorganen der Klassenpflegschaften, der Schulpflegschaft und der Schulkonferenz, als auch dar\u00fcber hinaus im allgemeinen Schulleben. Mitarbeit der Eltern an schulischen Vorhaben Unsere Sch\u00fclereltern beteiligen sich an der Organisation und Durchf\u00fchrung &hellip; <a href=\"http:\/\/web4966.greatnet-hosting.de\/hks\/elternarbeit\/\" class=\"more-link\"><span class=\"screen-reader-text\">Elternarbeit<\/span> weiterlesen <span class=\"meta-nav\">&rarr;<\/span><\/a><\/p>\n","protected":false},"author":1,"featured_media":0,"parent":0,"menu_order":0,"comment_status":"closed","ping_status":"closed","template":"","meta":[],"_links":{"self":[{"href":"http:\/\/web4966.greatnet-hosting.de\/hks\/wp-json\/wp\/v2\/pages\/517"}],"collection":[{"href":"http:\/\/web4966.greatnet-hosting.de\/hks\/wp-json\/wp\/v2\/pages"}],"about":[{"href":"http:\/\/web4966.greatnet-hosting.de\/hks\/wp-json\/wp\/v2\/types\/page"}],"author":[{"embeddable":true,"href":"http:\/\/web4966.greatnet-hosting.de\/hks\/wp-json\/wp\/v2\/users\/1"}],"replies":[{"embeddable":true,"href":"http:\/\/web4966.greatnet-hosting.de\/hks\/wp-json\/wp\/v2\/comments?post=517"}],"version-history":[{"count":0,"href":"http:\/\/web4966.greatnet-hosting.de\/hks\/wp-json\/wp\/v2\/pages\/517\/revisions"}],"wp:attachment":[{"href":"http:\/\/web4966.greatnet-hosting.de\/hks\/wp-json\/wp\/v2\/media?parent=517"}],"curies":[{"name":"wp","href":"https:\/\/api.w.org\/{rel}","templated":true}]}}