{"id":54,"date":"2015-04-16T12:37:34","date_gmt":"2015-04-16T10:37:34","guid":{"rendered":"http:\/\/www.hagelkreuzschule.de\/?page_id=54"},"modified":"2021-02-26T11:57:23","modified_gmt":"2021-02-26T10:57:23","slug":"profil","status":"publish","type":"page","link":"http:\/\/web4966.greatnet-hosting.de\/hks\/profil\/","title":{"rendered":"Profil"},"content":{"rendered":"<p>Das Profil der <b><span style=\"color: red;\">HAGELKREUZ<\/span>SCHULE<\/b> hat sich in den vergangenen 15 Jahren ganz allm\u00e4hlich entwickelt. Immer schon war die Schule daran interessiert, den Kindern neben dem Lernen im Klassenraum ausreichend <span style=\"color: #ff0000;\">Gelegenheit zu <strong>Bewegung<\/strong><\/span> zu geben. Der Schulhof war und ist dementsprechend gestaltet, die Turnhalle erm\u00f6glicht kontinuierlich \u00fcber die Jahre komplett drei Stunden Sportunterricht pro Woche, ebenso der nahebei im Ort liegende Sportplatz des TuS L\u00fcttingen.<br \/>\nVom reinen Bewegungsaspekt kam es bald zur Erweiterung auf den <span style=\"color: #ff0000;\">allgemeinen Aspekt der <strong>Gesundheit<\/strong><\/span>. Gesunde Ern\u00e4hrung, regelm\u00e4\u00dfiges Trinken in den Pausen, sinnvolle Pausengestaltung, Bewegung in den Klassenraum-Unterricht integriert etc. waren dabei wichtige Schritte. 2009 bekam unsere Schule im Schulentwicklungspreis den Titel und die <span style=\"color: #ff0000;\">Auszeichnung <strong>&#8222;Gute, gesunde Schule&#8220;.<\/strong><\/span><\/p>\n","protected":false},"excerpt":{"rendered":"<p>Das Profil der HAGELKREUZSCHULE hat sich in den vergangenen 15 Jahren ganz allm\u00e4hlich entwickelt. Immer schon war die Schule daran interessiert, den Kindern neben dem Lernen im Klassenraum ausreichend Gelegenheit zu Bewegung zu geben. Der Schulhof war und ist dementsprechend gestaltet, die Turnhalle erm\u00f6glicht kontinuierlich \u00fcber die Jahre komplett drei Stunden Sportunterricht pro Woche, ebenso &hellip; <a href=\"http:\/\/web4966.greatnet-hosting.de\/hks\/profil\/\" class=\"more-link\"><span class=\"screen-reader-text\">Profil<\/span> weiterlesen <span class=\"meta-nav\">&rarr;<\/span><\/a><\/p>\n","protected":false},"author":1,"featured_media":0,"parent":0,"menu_order":0,"comment_status":"closed","ping_status":"closed","template":"","meta":[],"_links":{"self":[{"href":"http:\/\/web4966.greatnet-hosting.de\/hks\/wp-json\/wp\/v2\/pages\/54"}],"collection":[{"href":"http:\/\/web4966.greatnet-hosting.de\/hks\/wp-json\/wp\/v2\/pages"}],"about":[{"href":"http:\/\/web4966.greatnet-hosting.de\/hks\/wp-json\/wp\/v2\/types\/page"}],"author":[{"embeddable":true,"href":"http:\/\/web4966.greatnet-hosting.de\/hks\/wp-json\/wp\/v2\/users\/1"}],"replies":[{"embeddable":true,"href":"http:\/\/web4966.greatnet-hosting.de\/hks\/wp-json\/wp\/v2\/comments?post=54"}],"version-history":[{"count":2,"href":"http:\/\/web4966.greatnet-hosting.de\/hks\/wp-json\/wp\/v2\/pages\/54\/revisions"}],"predecessor-version":[{"id":13424,"href":"http:\/\/web4966.greatnet-hosting.de\/hks\/wp-json\/wp\/v2\/pages\/54\/revisions\/13424"}],"wp:attachment":[{"href":"http:\/\/web4966.greatnet-hosting.de\/hks\/wp-json\/wp\/v2\/media?parent=54"}],"curies":[{"name":"wp","href":"https:\/\/api.w.org\/{rel}","templated":true}]}}