{"id":8336,"date":"2018-06-01T15:49:00","date_gmt":"2018-06-01T13:49:00","guid":{"rendered":"http:\/\/web4966.greatnet-hosting.de\/hks\/?page_id=8336"},"modified":"2023-08-06T13:59:52","modified_gmt":"2023-08-06T11:59:52","slug":"datenschutz","status":"publish","type":"page","link":"http:\/\/web4966.greatnet-hosting.de\/hks\/datenschutz\/","title":{"rendered":"Datenschutz"},"content":{"rendered":"<h2>I. Name und Anschrift des Verantwortlichen<\/h2>\n<p><strong>Hagelkreuzschule<\/strong><br \/>\nKatholische Grundschule L\u00fcttingen<br \/>\n46509 Xanten<br \/>\nTelefon: 02801-2107<br \/>\nE-Mail: <b>sekretariat@hagelkreuz-schule.de<\/b><\/p>\n<p><strong>Vertretungsberechtigt<\/strong><br \/>\nDaniela Hommen, Schulleiterin<\/p>\n<h2>II. Name und Anschrift des Datenschutzbeauftragten<\/h2>\n<p><strong>Die Datenschutzbeauftragte des Verantwortlichen ist:<\/strong><br \/>\nAstrid Eckers<br \/>\nTel.: 02801-2107<br \/>\nE-Mail: <b>sekretariat@hagelkreuz-schule.de<\/b><\/p>\n<h2>III. Verwendung von Cookies<\/h2>\n<p>Wir verwenden <strong>keine<\/strong> Cookies.<\/p>\n<h2>IV. Speicherung personenbezogener Daten bei Kontaktaufnahme<\/h2>\n<p>Da auf unseren Internetseiten <strong>keine<\/strong> Kommentarfunktionen, <strong>kein<\/strong> Kontaktformular und <strong>keine<\/strong> Social-Media-Button eingerichtet sind, werden auch <strong>keine personenbezogenen Daten<\/strong> von Ihnen zu uns \u00fcbermittelt.<\/p>\n<hr \/>\n<p>&nbsp;<\/p>\n<p>Wenn wir auf unserem Internetauftritt Cookies, Kommentarfunktion oder Social-Media-Button verwenden w\u00fcrden, h\u00e4tten folgende Betroffenenrechte G\u00fcltigkeit.<\/p>\n<h2>V. Betroffenenrechte<\/h2>\n<p>Sie k\u00f6nnen folgende Rechte geltend machen:<\/p>\n<p><strong>Auskunft\/ Akteneinsicht<\/strong><br \/>\nGem. Art. 15 DSGVO haben Sie das Recht, Auskunft bzw. Akteneinsicht \u00fcber die von uns verarbeiteten personenbezogenen Daten zu erhalten.<\/p>\n<p><strong>Berichtigung<\/strong><br \/>\nSind bei uns gespeicherte personenbezogene Daten unrichtig oder unvollst\u00e4ndig, haben Sie gem. Art. 16 DSGVO das Recht, diese berichtigen bzw. vervollst\u00e4ndigen zu lassen.<\/p>\n<p><strong>L\u00f6schung<\/strong><br \/>\nArt. 17 DSGVO normiert das Recht auf L\u00f6schung personenbezogener Daten. Dieses Recht steht Ihnen insbesondere dann zu, wenn die Speicherung der personenbezogenen Daten zur Erf\u00fcllung unserer gesetzlichen Aufgaben nicht mehr erforderlich ist oder Sie Ihre Einwilligung zur Datenverarbeitung mit Wirkung f\u00fcr die Zukunft widerrufen haben.<\/p>\n<p><strong>Einschr\u00e4nkung der Verarbeitung <\/strong><br \/>\nGem. Art. 18 DSGVO k\u00f6nnen Sie die Einschr\u00e4nkung der personenbezogenen Daten verlangen, wenn<br \/>\n\u2022 die Richtigkeit der Daten von Ihnen bestritten wird<br \/>\n\u2022 die Verarbeitung unrechtm\u00e4\u00dfig ist, Sie aber deren L\u00f6schung ablehnen<br \/>\n\u2022 wir die Daten nicht mehr ben\u00f6tigen, Sie jedoch diese zur Geltendmachung, Aus\u00fcbung oder Verteidigung von Rechtsanspr\u00fcchen ben\u00f6tigen<br \/>\n\u2022 oder Sie gem\u00e4\u00df Art. 21 DSGVO Widerspruch gegen die Verarbeitung eingelegt haben<\/p>\n<p><strong>Widerspruch<\/strong><br \/>\nSie k\u00f6nnen bei Gr\u00fcnden, die sich aus Ihrer besonderen Situation ergeben, ein Widerspruchsrecht geltend machen. Gem. Art. 21 DSGVO ist jedoch zu ber\u00fccksichtigten, ob schutzw\u00fcrdige Gr\u00fcnde f\u00fcr die Verarbeitung vorliegen oder die Verarbeitung der Geltendmachung, Aus\u00fcbung oder Verteidigung von Rechtsanspr\u00fcchen dient.<\/p>\n<p><strong>Daten\u00fcbertragbarkeit<\/strong><br \/>\nIst die Verarbeitung Ihrer Daten mit Hilfe eines automatisierten Verfahrens erfolgt, haben Sie gem. Art. 20 DSGVO das Recht, die Daten in einem g\u00e4ngigen und maschinenlesbaren Format zu erhalten und an eine andere Schule zu \u00fcbermitteln bzw. durch uns \u00fcbermitteln zu lassen.<\/p>\n<p><strong>Widerruf der Einwilligung<\/strong><br \/>\nSie haben gem. Art. 7 Absatz 3 DSGVO das Recht, uns erteilte Einwilligungen jederzeit mit Wirkung f\u00fcr die Zukunft zu widerrufen.<\/p>\n","protected":false},"excerpt":{"rendered":"<p>I. Name und Anschrift des Verantwortlichen Hagelkreuzschule Katholische Grundschule L\u00fcttingen 46509 Xanten Telefon: 02801-2107 E-Mail: sekretariat@hagelkreuz-schule.de Vertretungsberechtigt Daniela Hommen, Schulleiterin II. Name und Anschrift des Datenschutzbeauftragten Die Datenschutzbeauftragte des Verantwortlichen ist: Astrid Eckers Tel.: 02801-2107 E-Mail: sekretariat@hagelkreuz-schule.de III. Verwendung von Cookies Wir verwenden keine Cookies. IV. Speicherung personenbezogener Daten bei Kontaktaufnahme Da auf unseren Internetseiten &hellip; <a href=\"http:\/\/web4966.greatnet-hosting.de\/hks\/datenschutz\/\" class=\"more-link\"><span class=\"screen-reader-text\">Datenschutz<\/span> weiterlesen <span class=\"meta-nav\">&rarr;<\/span><\/a><\/p>\n","protected":false},"author":1,"featured_media":0,"parent":0,"menu_order":0,"comment_status":"closed","ping_status":"closed","template":"","meta":[],"_links":{"self":[{"href":"http:\/\/web4966.greatnet-hosting.de\/hks\/wp-json\/wp\/v2\/pages\/8336"}],"collection":[{"href":"http:\/\/web4966.greatnet-hosting.de\/hks\/wp-json\/wp\/v2\/pages"}],"about":[{"href":"http:\/\/web4966.greatnet-hosting.de\/hks\/wp-json\/wp\/v2\/types\/page"}],"author":[{"embeddable":true,"href":"http:\/\/web4966.greatnet-hosting.de\/hks\/wp-json\/wp\/v2\/users\/1"}],"replies":[{"embeddable":true,"href":"http:\/\/web4966.greatnet-hosting.de\/hks\/wp-json\/wp\/v2\/comments?post=8336"}],"version-history":[{"count":7,"href":"http:\/\/web4966.greatnet-hosting.de\/hks\/wp-json\/wp\/v2\/pages\/8336\/revisions"}],"predecessor-version":[{"id":15904,"href":"http:\/\/web4966.greatnet-hosting.de\/hks\/wp-json\/wp\/v2\/pages\/8336\/revisions\/15904"}],"wp:attachment":[{"href":"http:\/\/web4966.greatnet-hosting.de\/hks\/wp-json\/wp\/v2\/media?parent=8336"}],"curies":[{"name":"wp","href":"https:\/\/api.w.org\/{rel}","templated":true}]}}